{"id":960,"date":"2025-04-21T14:49:22","date_gmt":"2025-04-21T14:49:22","guid":{"rendered":"https:\/\/cufa.net\/?page_id=960"},"modified":"2025-05-23T13:19:28","modified_gmt":"2025-05-23T13:19:28","slug":"bienvenue","status":"publish","type":"page","link":"https:\/\/cufa.net\/fr\/bienvenue\/","title":{"rendered":"Bienvenue"},"content":{"rendered":"<div class=\"fusion-fullwidth fullwidth-box fusion-builder-row-1 fusion-flex-container has-pattern-background has-mask-background nonhundred-percent-fullwidth non-hundred-percent-height-scrolling\" style=\"--awb-border-radius-top-left:0px;--awb-border-radius-top-right:0px;--awb-border-radius-bottom-right:0px;--awb-border-radius-bottom-left:0px;--awb-padding-top:40px;--awb-padding-bottom:40px;--awb-flex-wrap:wrap;\" ><div class=\"fusion-builder-row fusion-row fusion-flex-align-items-flex-start fusion-flex-content-wrap\" style=\"max-width:1560px;margin-left: calc(-4% \/ 2 );margin-right: calc(-4% \/ 2 );\"><div class=\"fusion-layout-column fusion_builder_column fusion-builder-column-0 fusion_builder_column_1_1 1_1 fusion-flex-column\" style=\"--awb-bg-size:cover;--awb-width-large:100%;--awb-margin-top-large:0px;--awb-spacing-right-large:1.92%;--awb-margin-bottom-large:20px;--awb-spacing-left-large:1.92%;--awb-width-medium:100%;--awb-order-medium:0;--awb-spacing-right-medium:1.92%;--awb-spacing-left-medium:1.92%;--awb-width-small:100%;--awb-order-small:0;--awb-spacing-right-small:1.92%;--awb-spacing-left-small:1.92%;\"><div class=\"fusion-column-wrapper fusion-column-has-shadow fusion-flex-justify-content-flex-start fusion-content-layout-column\"><div class=\"fusion-title title fusion-title-1 fusion-sep-none fusion-title-text fusion-title-size-one\"><h1 class=\"fusion-title-heading title-heading-left\" style=\"margin:0;\">Bienvenue!<\/h1><\/div><div class=\"fusion-text fusion-text-1\"><p>Votre adresse e-mail a \u00e9t\u00e9 v\u00e9rifi\u00e9e avec succ\u00e8s. Vos informations ont \u00e9t\u00e9 envoy\u00e9es aux administrateurs pour approbation. Vous recevrez un autre e-mail une fois votre compte approuv\u00e9, vous donnant acc\u00e8s \u00e0 toutes les fonctionnalit\u00e9s du site web r\u00e9serv\u00e9es aux membres.<\/p>\n<\/div><\/div><\/div><\/div><\/div>\n","protected":false},"excerpt":{"rendered":"","protected":false},"author":1,"featured_media":0,"parent":0,"menu_order":0,"comment_status":"closed","ping_status":"closed","template":"100-width.php","meta":{"_price":"","_stock":"","_tribe_ticket_header":"","_tribe_default_ticket_provider":"","_ticket_start_date":"","_ticket_end_date":"","_tribe_ticket_show_description":"","_tribe_ticket_show_not_going":false,"_tribe_ticket_use_global_stock":"","_tribe_ticket_global_stock_level":"","_global_stock_mode":"","_global_stock_cap":"","_tribe_rsvp_for_event":"","_tribe_ticket_going_count":"","_tribe_ticket_not_going_count":"","_tribe_tickets_list":"[]","_tribe_ticket_has_attendee_info_fields":false,"footnotes":"","_tec_slr_enabled":"","_tec_slr_layout":""},"class_list":["post-960","page","type-page","status-publish","hentry"],"yoast_head":"<!-- This site is optimized with the Yoast SEO plugin v26.9 - https:\/\/yoast.com\/product\/yoast-seo-wordpress\/ -->\n<title>Bienvenue - Concordia University Faculty Association<\/title>\n<meta name=\"robots\" content=\"index, follow, max-snippet:-1, max-image-preview:large, max-video-preview:-1\" \/>\n<link rel=\"canonical\" href=\"https:\/\/cufa.net\/welcome\/\" \/>\n<meta property=\"og:locale\" content=\"fr_FR\" \/>\n<meta property=\"og:type\" content=\"article\" \/>\n<meta property=\"og:title\" content=\"Bienvenue - Concordia University Faculty Association\" \/>\n<meta property=\"og:url\" content=\"https:\/\/cufa.net\/welcome\/\" \/>\n<meta property=\"og:site_name\" content=\"Concordia University Faculty Association\" \/>\n<meta property=\"article:modified_time\" content=\"2025-05-23T13:19:28+00:00\" \/>\n<meta name=\"twitter:card\" content=\"summary_large_image\" \/>\n<meta name=\"twitter:label1\" content=\"Dur\u00e9e de lecture estim\u00e9e\" \/>\n\t<meta name=\"twitter:data1\" content=\"1 minute\" \/>\n<script type=\"application\/ld+json\" class=\"yoast-schema-graph\">{\"@context\":\"https:\/\/schema.org\",\"@graph\":[{\"@type\":\"WebPage\",\"@id\":\"https:\/\/cufa.net\/welcome\/\",\"url\":\"https:\/\/cufa.net\/welcome\/\",\"name\":\"Bienvenue - Concordia University Faculty Association\",\"isPartOf\":{\"@id\":\"https:\/\/cufa.net\/#website\"},\"datePublished\":\"2025-04-21T14:49:22+00:00\",\"dateModified\":\"2025-05-23T13:19:28+00:00\",\"breadcrumb\":{\"@id\":\"https:\/\/cufa.net\/welcome\/#breadcrumb\"},\"inLanguage\":\"fr-FR\",\"potentialAction\":[{\"@type\":\"ReadAction\",\"target\":[\"https:\/\/cufa.net\/welcome\/\"]}]},{\"@type\":\"BreadcrumbList\",\"@id\":\"https:\/\/cufa.net\/welcome\/#breadcrumb\",\"itemListElement\":[{\"@type\":\"ListItem\",\"position\":1,\"name\":\"Accueil\",\"item\":\"https:\/\/cufa.net\/fr\/\"},{\"@type\":\"ListItem\",\"position\":2,\"name\":\"Bienvenue\"}]},{\"@type\":\"WebSite\",\"@id\":\"https:\/\/cufa.net\/#website\",\"url\":\"https:\/\/cufa.net\/\",\"name\":\"Concordia University Faculty Association\",\"description\":\"Your SUPER-powered WP Engine Site\",\"potentialAction\":[{\"@type\":\"SearchAction\",\"target\":{\"@type\":\"EntryPoint\",\"urlTemplate\":\"https:\/\/cufa.net\/?s={search_term_string}\"},\"query-input\":{\"@type\":\"PropertyValueSpecification\",\"valueRequired\":true,\"valueName\":\"search_term_string\"}}],\"inLanguage\":\"fr-FR\"}]}<\/script>\n<!-- \/ Yoast SEO plugin. -->","yoast_head_json":{"title":"Bienvenue - Concordia University Faculty Association","robots":{"index":"index","follow":"follow","max-snippet":"max-snippet:-1","max-image-preview":"max-image-preview:large","max-video-preview":"max-video-preview:-1"},"canonical":"https:\/\/cufa.net\/welcome\/","og_locale":"fr_FR","og_type":"article","og_title":"Bienvenue - Concordia University Faculty Association","og_url":"https:\/\/cufa.net\/welcome\/","og_site_name":"Concordia University Faculty Association","article_modified_time":"2025-05-23T13:19:28+00:00","twitter_card":"summary_large_image","twitter_misc":{"Dur\u00e9e de lecture estim\u00e9e":"1 minute"},"schema":{"@context":"https:\/\/schema.org","@graph":[{"@type":"WebPage","@id":"https:\/\/cufa.net\/welcome\/","url":"https:\/\/cufa.net\/welcome\/","name":"Bienvenue - Concordia University Faculty Association","isPartOf":{"@id":"https:\/\/cufa.net\/#website"},"datePublished":"2025-04-21T14:49:22+00:00","dateModified":"2025-05-23T13:19:28+00:00","breadcrumb":{"@id":"https:\/\/cufa.net\/welcome\/#breadcrumb"},"inLanguage":"fr-FR","potentialAction":[{"@type":"ReadAction","target":["https:\/\/cufa.net\/welcome\/"]}]},{"@type":"BreadcrumbList","@id":"https:\/\/cufa.net\/welcome\/#breadcrumb","itemListElement":[{"@type":"ListItem","position":1,"name":"Accueil","item":"https:\/\/cufa.net\/fr\/"},{"@type":"ListItem","position":2,"name":"Bienvenue"}]},{"@type":"WebSite","@id":"https:\/\/cufa.net\/#website","url":"https:\/\/cufa.net\/","name":"Concordia University Faculty Association","description":"Your SUPER-powered WP Engine Site","potentialAction":[{"@type":"SearchAction","target":{"@type":"EntryPoint","urlTemplate":"https:\/\/cufa.net\/?s={search_term_string}"},"query-input":{"@type":"PropertyValueSpecification","valueRequired":true,"valueName":"search_term_string"}}],"inLanguage":"fr-FR"}]}},"ticketed":false,"_links":{"self":[{"href":"https:\/\/cufa.net\/fr\/wp-json\/wp\/v2\/pages\/960","targetHints":{"allow":["GET"]}}],"collection":[{"href":"https:\/\/cufa.net\/fr\/wp-json\/wp\/v2\/pages"}],"about":[{"href":"https:\/\/cufa.net\/fr\/wp-json\/wp\/v2\/types\/page"}],"author":[{"embeddable":true,"href":"https:\/\/cufa.net\/fr\/wp-json\/wp\/v2\/users\/1"}],"replies":[{"embeddable":true,"href":"https:\/\/cufa.net\/fr\/wp-json\/wp\/v2\/comments?post=960"}],"version-history":[{"count":0,"href":"https:\/\/cufa.net\/fr\/wp-json\/wp\/v2\/pages\/960\/revisions"}],"wp:attachment":[{"href":"https:\/\/cufa.net\/fr\/wp-json\/wp\/v2\/media?parent=960"}],"curies":[{"name":"wp","href":"https:\/\/api.w.org\/{rel}","templated":true}]}}