{"id":2428,"date":"2026-03-26T14:49:27","date_gmt":"2026-03-26T18:49:27","guid":{"rendered":"https:\/\/cufa.net\/?page_id=2428"},"modified":"2026-03-27T16:18:46","modified_gmt":"2026-03-27T20:18:46","slug":"elections-candidate-answers-to-member-questions","status":"publish","type":"page","link":"https:\/\/cufa.net\/fr\/elections-candidate-answers-to-member-questions\/","title":{"rendered":"R\u00e9ponses des candidats aux questions des membres"},"content":{"rendered":"<h2 class=\"x_MsoNormal\" data-olk-copy-source=\"MessageBody\">R\u00e9ponses des candidats aux questions des membres<\/h2>\n<p class=\"x_MsoNormal\" data-olk-copy-source=\"MessageBody\">Dans le cadre d&#8217;une nouvelle initiative lanc\u00e9e cette ann\u00e9e, des questions \u00e9crites ont \u00e9t\u00e9 sollicit\u00e9es aupr\u00e8s des membres de l&#8217;APUC, puis transmises aux candidat.e.s afin qu&#8217;ils y r\u00e9pondent. Le format adopt\u00e9 pr\u00e9voyait que les membres ne pouvaient soumettre qu&#8217;une seule question, qui serait transmise \u00e0 tous les candidats. Cette ann\u00e9e, nous avons re\u00e7u un total de neuf questions. Chaque candidat pouvait ensuite choisir jusqu&#8217;\u00e0 trois questions auxquelles r\u00e9pondre. Les r\u00e9ponses des candidats \u00e9taient limit\u00e9es \u00e0 200 mots. La question, le nom de l&#8217;auteur.trice de la question et les r\u00e9ponses des candidat.e.s sont pr\u00e9sent\u00e9s ci-dessous.<\/p>\n<p><strong>Vice-Pr\u00e9sidente<\/strong><\/p>\n<ul>\n<li><a href=\"https:\/\/cufa.net\/wp-content\/uploads\/2026\/03\/Vice-President-Candidate-Shelley-Reuter-Answer-to-Written-Questions-1.pdf\">Shelley Z. Reuter<\/a><\/li>\n<\/ul>\n<p><strong>Secr\u00e9taire<\/strong><\/p>\n<ul>\n<li><a href=\"https:\/\/cufa.net\/wp-content\/uploads\/2026\/03\/Steven-Henle-CUFA-Executive-Statements-March-2026.pdf\">Steven Henle<\/a><\/li>\n<\/ul>\n<p><strong>Membre<\/strong><\/p>\n<ul>\n<li><a href=\"https:\/\/cufa.net\/wp-content\/uploads\/2026\/03\/MemberatLarge-candidate-Theresa-Bianco-answer-to-Member-Questions.pdf\">Theresa Bianco<\/a><\/li>\n<li><a href=\"https:\/\/cufa.net\/wp-content\/uploads\/2026\/03\/Danielle-Bobker-Q-A.pdf\">Danielle Bobker<\/a><\/li>\n<li><a href=\"https:\/\/cufa.net\/wp-content\/uploads\/2026\/03\/Rene-lemieux.pdf\">Ren\u00e9 Lemieux<\/a><\/li>\n<li style=\"list-style-type: none;\"><\/li>\n<\/ul>\n","protected":false},"excerpt":{"rendered":"<p>R\u00e9ponses des candidats aux questions des membres Dans le cadre &#8230;<\/p>\n","protected":false},"author":41,"featured_media":0,"parent":0,"menu_order":0,"comment_status":"closed","ping_status":"closed","template":"100-width.php","meta":{"_price":"","_stock":"","_tribe_ticket_header":"","_tribe_default_ticket_provider":"","_ticket_start_date":"","_ticket_end_date":"","_tribe_ticket_show_description":"","_tribe_ticket_show_not_going":false,"_tribe_ticket_use_global_stock":"","_tribe_ticket_global_stock_level":"","_global_stock_mode":"","_global_stock_cap":"","_tribe_rsvp_for_event":"","_tribe_ticket_going_count":"","_tribe_ticket_not_going_count":"","_tribe_tickets_list":"[]","_tribe_ticket_has_attendee_info_fields":false,"footnotes":"","_tec_slr_enabled":"","_tec_slr_layout":""},"class_list":["post-2428","page","type-page","status-publish","hentry"],"yoast_head":"<!-- This site is optimized with the Yoast SEO plugin v26.9 - https:\/\/yoast.com\/product\/yoast-seo-wordpress\/ -->\n<title>R\u00e9ponses des candidats aux questions des membres - Concordia University Faculty Association<\/title>\n<meta name=\"robots\" content=\"index, follow, max-snippet:-1, max-image-preview:large, max-video-preview:-1\" \/>\n<link rel=\"canonical\" href=\"https:\/\/cufa.net\/fr\/elections-candidate-answers-to-member-questions\/\" \/>\n<meta property=\"og:locale\" content=\"fr_FR\" \/>\n<meta property=\"og:type\" content=\"article\" \/>\n<meta property=\"og:title\" content=\"R\u00e9ponses des candidats aux questions des membres - Concordia University Faculty Association\" \/>\n<meta property=\"og:description\" content=\"R\u00e9ponses des candidats aux questions des membres Dans le cadre ...\" \/>\n<meta property=\"og:url\" content=\"https:\/\/cufa.net\/fr\/elections-candidate-answers-to-member-questions\/\" \/>\n<meta property=\"og:site_name\" content=\"Concordia University Faculty Association\" \/>\n<meta property=\"article:modified_time\" content=\"2026-03-27T20:18:46+00:00\" \/>\n<meta name=\"twitter:card\" content=\"summary_large_image\" \/>\n<meta name=\"twitter:label1\" content=\"Dur\u00e9e de lecture estim\u00e9e\" \/>\n\t<meta name=\"twitter:data1\" content=\"1 minute\" \/>\n<script type=\"application\/ld+json\" class=\"yoast-schema-graph\">{\"@context\":\"https:\/\/schema.org\",\"@graph\":[{\"@type\":\"WebPage\",\"@id\":\"https:\/\/cufa.net\/fr\/elections-candidate-answers-to-member-questions\/\",\"url\":\"https:\/\/cufa.net\/fr\/elections-candidate-answers-to-member-questions\/\",\"name\":\"R\u00e9ponses des candidats aux questions des membres - Concordia University Faculty Association\",\"isPartOf\":{\"@id\":\"https:\/\/cufa.net\/#website\"},\"datePublished\":\"2026-03-26T18:49:27+00:00\",\"dateModified\":\"2026-03-27T20:18:46+00:00\",\"breadcrumb\":{\"@id\":\"https:\/\/cufa.net\/fr\/elections-candidate-answers-to-member-questions\/#breadcrumb\"},\"inLanguage\":\"fr-FR\",\"potentialAction\":[{\"@type\":\"ReadAction\",\"target\":[\"https:\/\/cufa.net\/fr\/elections-candidate-answers-to-member-questions\/\"]}]},{\"@type\":\"BreadcrumbList\",\"@id\":\"https:\/\/cufa.net\/fr\/elections-candidate-answers-to-member-questions\/#breadcrumb\",\"itemListElement\":[{\"@type\":\"ListItem\",\"position\":1,\"name\":\"Accueil\",\"item\":\"https:\/\/cufa.net\/fr\/\"},{\"@type\":\"ListItem\",\"position\":2,\"name\":\"R\u00e9ponses des candidats aux questions des membres\"}]},{\"@type\":\"WebSite\",\"@id\":\"https:\/\/cufa.net\/#website\",\"url\":\"https:\/\/cufa.net\/\",\"name\":\"Concordia University Faculty Association\",\"description\":\"Your SUPER-powered WP Engine Site\",\"potentialAction\":[{\"@type\":\"SearchAction\",\"target\":{\"@type\":\"EntryPoint\",\"urlTemplate\":\"https:\/\/cufa.net\/?s={search_term_string}\"},\"query-input\":{\"@type\":\"PropertyValueSpecification\",\"valueRequired\":true,\"valueName\":\"search_term_string\"}}],\"inLanguage\":\"fr-FR\"}]}<\/script>\n<!-- \/ Yoast SEO plugin. -->","yoast_head_json":{"title":"R\u00e9ponses des candidats aux questions des membres - Concordia University Faculty Association","robots":{"index":"index","follow":"follow","max-snippet":"max-snippet:-1","max-image-preview":"max-image-preview:large","max-video-preview":"max-video-preview:-1"},"canonical":"https:\/\/cufa.net\/fr\/elections-candidate-answers-to-member-questions\/","og_locale":"fr_FR","og_type":"article","og_title":"R\u00e9ponses des candidats aux questions des membres - Concordia University Faculty Association","og_description":"R\u00e9ponses des candidats aux questions des membres Dans le cadre ...","og_url":"https:\/\/cufa.net\/fr\/elections-candidate-answers-to-member-questions\/","og_site_name":"Concordia University Faculty Association","article_modified_time":"2026-03-27T20:18:46+00:00","twitter_card":"summary_large_image","twitter_misc":{"Dur\u00e9e de lecture estim\u00e9e":"1 minute"},"schema":{"@context":"https:\/\/schema.org","@graph":[{"@type":"WebPage","@id":"https:\/\/cufa.net\/fr\/elections-candidate-answers-to-member-questions\/","url":"https:\/\/cufa.net\/fr\/elections-candidate-answers-to-member-questions\/","name":"R\u00e9ponses des candidats aux questions des membres - Concordia University Faculty Association","isPartOf":{"@id":"https:\/\/cufa.net\/#website"},"datePublished":"2026-03-26T18:49:27+00:00","dateModified":"2026-03-27T20:18:46+00:00","breadcrumb":{"@id":"https:\/\/cufa.net\/fr\/elections-candidate-answers-to-member-questions\/#breadcrumb"},"inLanguage":"fr-FR","potentialAction":[{"@type":"ReadAction","target":["https:\/\/cufa.net\/fr\/elections-candidate-answers-to-member-questions\/"]}]},{"@type":"BreadcrumbList","@id":"https:\/\/cufa.net\/fr\/elections-candidate-answers-to-member-questions\/#breadcrumb","itemListElement":[{"@type":"ListItem","position":1,"name":"Accueil","item":"https:\/\/cufa.net\/fr\/"},{"@type":"ListItem","position":2,"name":"R\u00e9ponses des candidats aux questions des membres"}]},{"@type":"WebSite","@id":"https:\/\/cufa.net\/#website","url":"https:\/\/cufa.net\/","name":"Concordia University Faculty Association","description":"Your SUPER-powered WP Engine Site","potentialAction":[{"@type":"SearchAction","target":{"@type":"EntryPoint","urlTemplate":"https:\/\/cufa.net\/?s={search_term_string}"},"query-input":{"@type":"PropertyValueSpecification","valueRequired":true,"valueName":"search_term_string"}}],"inLanguage":"fr-FR"}]}},"ticketed":false,"_links":{"self":[{"href":"https:\/\/cufa.net\/fr\/wp-json\/wp\/v2\/pages\/2428","targetHints":{"allow":["GET"]}}],"collection":[{"href":"https:\/\/cufa.net\/fr\/wp-json\/wp\/v2\/pages"}],"about":[{"href":"https:\/\/cufa.net\/fr\/wp-json\/wp\/v2\/types\/page"}],"author":[{"embeddable":true,"href":"https:\/\/cufa.net\/fr\/wp-json\/wp\/v2\/users\/41"}],"replies":[{"embeddable":true,"href":"https:\/\/cufa.net\/fr\/wp-json\/wp\/v2\/comments?post=2428"}],"version-history":[{"count":5,"href":"https:\/\/cufa.net\/fr\/wp-json\/wp\/v2\/pages\/2428\/revisions"}],"predecessor-version":[{"id":2463,"href":"https:\/\/cufa.net\/fr\/wp-json\/wp\/v2\/pages\/2428\/revisions\/2463"}],"wp:attachment":[{"href":"https:\/\/cufa.net\/fr\/wp-json\/wp\/v2\/media?parent=2428"}],"curies":[{"name":"wp","href":"https:\/\/api.w.org\/{rel}","templated":true}]}}