{"id":2331,"date":"2026-03-13T16:22:33","date_gmt":"2026-03-13T20:22:33","guid":{"rendered":"https:\/\/cufa.net\/?page_id=2331"},"modified":"2026-03-23T08:27:46","modified_gmt":"2026-03-23T12:27:46","slug":"declarations-dintention-des-candidat-e-s-2026-2028","status":"publish","type":"page","link":"https:\/\/cufa.net\/fr\/elections\/declarations-dintention-des-candidat-e-s-2026-2028\/","title":{"rendered":"D\u00e9clarations d&#8217;intention des candidat.e.s 2026-2028"},"content":{"rendered":"<h2>D\u00e9clarations d&#8217;intention des candidat.e.s 2026-2028<\/h2>\n<p><strong>Vice-Pr\u00e9sidente<\/strong><\/p>\n<ul>\n<li style=\"list-style-type: none;\">\n<ul>\n<li><a href=\"https:\/\/cufa.net\/wp-content\/uploads\/2026\/03\/REUTER-Election-platform-2026-March-12-1.pdf\">Shelley Z. Reuter<\/a><\/li>\n<\/ul>\n<\/li>\n<\/ul>\n<p><strong>Secr\u00e9taire<\/strong><\/p>\n<ul>\n<li style=\"list-style-type: none;\">\n<ul>\n<li><a href=\"https:\/\/cufa.net\/wp-content\/uploads\/2026\/03\/S-Henle-CUFA-Executive-2026.pdf\">Steven Henle<\/a><\/li>\n<\/ul>\n<\/li>\n<\/ul>\n<p><strong>Membre<\/strong><\/p>\n<ul>\n<li style=\"list-style-type: none;\">\n<ul>\n<li><a href=\"https:\/\/cufa.net\/wp-content\/uploads\/2026\/03\/Bianco-Position-Statement-Mar-10.pdf\">Theresa Bianco<\/a><\/li>\n<li><a href=\"https:\/\/cufa.net\/wp-content\/uploads\/2026\/03\/Bobker-2026-MAL-Position-Statement_.pdf\">Danielle Bobker<\/a><\/li>\n<li><a href=\"https:\/\/cufa.net\/wp-content\/uploads\/2026\/03\/Rene-Lemieux-Member-at-Large-CUFA.pdf\">Ren\u00e9 Lemieux<\/a><\/li>\n<\/ul>\n<\/li>\n<\/ul>\n<p>&nbsp;<\/p>\n","protected":false},"excerpt":{"rendered":"<p>D\u00e9clarations d&#8217;intention des candidat.e.s 2026-2028 Vice-Pr\u00e9sidente Shelley Z. Reuter Secr\u00e9taire &#8230;<\/p>\n","protected":false},"author":41,"featured_media":0,"parent":1151,"menu_order":0,"comment_status":"closed","ping_status":"closed","template":"100-width.php","meta":{"_price":"","_stock":"","_tribe_ticket_header":"","_tribe_default_ticket_provider":"","_ticket_start_date":"","_ticket_end_date":"","_tribe_ticket_show_description":"","_tribe_ticket_show_not_going":false,"_tribe_ticket_use_global_stock":"","_tribe_ticket_global_stock_level":"","_global_stock_mode":"","_global_stock_cap":"","_tribe_rsvp_for_event":"","_tribe_ticket_going_count":"","_tribe_ticket_not_going_count":"","_tribe_tickets_list":"[]","_tribe_ticket_has_attendee_info_fields":false,"footnotes":"","_tec_slr_enabled":"","_tec_slr_layout":""},"class_list":["post-2331","page","type-page","status-publish","hentry"],"yoast_head":"<!-- This site is optimized with the Yoast SEO plugin v26.9 - https:\/\/yoast.com\/product\/yoast-seo-wordpress\/ -->\n<title>D\u00e9clarations d&#039;intention des candidat.e.s 2026-2028 - Concordia University Faculty Association<\/title>\n<meta name=\"robots\" content=\"index, follow, max-snippet:-1, max-image-preview:large, max-video-preview:-1\" \/>\n<link rel=\"canonical\" href=\"https:\/\/cufa.net\/fr\/elections\/declarations-dintention-des-candidat-e-s-2026-2028\/\" \/>\n<meta property=\"og:locale\" content=\"fr_FR\" \/>\n<meta property=\"og:type\" content=\"article\" \/>\n<meta property=\"og:title\" content=\"D\u00e9clarations d&#039;intention des candidat.e.s 2026-2028 - Concordia University Faculty Association\" \/>\n<meta property=\"og:description\" content=\"D\u00e9clarations d&#8217;intention des candidat.e.s 2026-2028 Vice-Pr\u00e9sidente Shelley Z. Reuter Secr\u00e9taire ...\" \/>\n<meta property=\"og:url\" content=\"https:\/\/cufa.net\/fr\/elections\/declarations-dintention-des-candidat-e-s-2026-2028\/\" \/>\n<meta property=\"og:site_name\" content=\"Concordia University Faculty Association\" \/>\n<meta property=\"article:modified_time\" content=\"2026-03-23T12:27:46+00:00\" \/>\n<meta name=\"twitter:card\" content=\"summary_large_image\" \/>\n<meta name=\"twitter:label1\" content=\"Dur\u00e9e de lecture estim\u00e9e\" \/>\n\t<meta name=\"twitter:data1\" content=\"1 minute\" \/>\n<script type=\"application\/ld+json\" class=\"yoast-schema-graph\">{\"@context\":\"https:\/\/schema.org\",\"@graph\":[{\"@type\":\"WebPage\",\"@id\":\"https:\/\/cufa.net\/fr\/elections\/declarations-dintention-des-candidat-e-s-2026-2028\/\",\"url\":\"https:\/\/cufa.net\/fr\/elections\/declarations-dintention-des-candidat-e-s-2026-2028\/\",\"name\":\"D\u00e9clarations d'intention des candidat.e.s 2026-2028 - Concordia University Faculty Association\",\"isPartOf\":{\"@id\":\"https:\/\/cufa.net\/#website\"},\"datePublished\":\"2026-03-13T20:22:33+00:00\",\"dateModified\":\"2026-03-23T12:27:46+00:00\",\"breadcrumb\":{\"@id\":\"https:\/\/cufa.net\/fr\/elections\/declarations-dintention-des-candidat-e-s-2026-2028\/#breadcrumb\"},\"inLanguage\":\"fr-FR\",\"potentialAction\":[{\"@type\":\"ReadAction\",\"target\":[\"https:\/\/cufa.net\/fr\/elections\/declarations-dintention-des-candidat-e-s-2026-2028\/\"]}]},{\"@type\":\"BreadcrumbList\",\"@id\":\"https:\/\/cufa.net\/fr\/elections\/declarations-dintention-des-candidat-e-s-2026-2028\/#breadcrumb\",\"itemListElement\":[{\"@type\":\"ListItem\",\"position\":1,\"name\":\"Accueil\",\"item\":\"https:\/\/cufa.net\/fr\/\"},{\"@type\":\"ListItem\",\"position\":2,\"name\":\"\u00c9lections\",\"item\":\"https:\/\/cufa.net\/fr\/elections\/\"},{\"@type\":\"ListItem\",\"position\":3,\"name\":\"D\u00e9clarations d&#8217;intention des candidat.e.s 2026-2028\"}]},{\"@type\":\"WebSite\",\"@id\":\"https:\/\/cufa.net\/#website\",\"url\":\"https:\/\/cufa.net\/\",\"name\":\"Concordia University Faculty Association\",\"description\":\"Your SUPER-powered WP Engine Site\",\"potentialAction\":[{\"@type\":\"SearchAction\",\"target\":{\"@type\":\"EntryPoint\",\"urlTemplate\":\"https:\/\/cufa.net\/?s={search_term_string}\"},\"query-input\":{\"@type\":\"PropertyValueSpecification\",\"valueRequired\":true,\"valueName\":\"search_term_string\"}}],\"inLanguage\":\"fr-FR\"}]}<\/script>\n<!-- \/ Yoast SEO plugin. -->","yoast_head_json":{"title":"D\u00e9clarations d'intention des candidat.e.s 2026-2028 - Concordia University Faculty Association","robots":{"index":"index","follow":"follow","max-snippet":"max-snippet:-1","max-image-preview":"max-image-preview:large","max-video-preview":"max-video-preview:-1"},"canonical":"https:\/\/cufa.net\/fr\/elections\/declarations-dintention-des-candidat-e-s-2026-2028\/","og_locale":"fr_FR","og_type":"article","og_title":"D\u00e9clarations d'intention des candidat.e.s 2026-2028 - Concordia University Faculty Association","og_description":"D\u00e9clarations d&#8217;intention des candidat.e.s 2026-2028 Vice-Pr\u00e9sidente Shelley Z. Reuter Secr\u00e9taire ...","og_url":"https:\/\/cufa.net\/fr\/elections\/declarations-dintention-des-candidat-e-s-2026-2028\/","og_site_name":"Concordia University Faculty Association","article_modified_time":"2026-03-23T12:27:46+00:00","twitter_card":"summary_large_image","twitter_misc":{"Dur\u00e9e de lecture estim\u00e9e":"1 minute"},"schema":{"@context":"https:\/\/schema.org","@graph":[{"@type":"WebPage","@id":"https:\/\/cufa.net\/fr\/elections\/declarations-dintention-des-candidat-e-s-2026-2028\/","url":"https:\/\/cufa.net\/fr\/elections\/declarations-dintention-des-candidat-e-s-2026-2028\/","name":"D\u00e9clarations d'intention des candidat.e.s 2026-2028 - Concordia University Faculty Association","isPartOf":{"@id":"https:\/\/cufa.net\/#website"},"datePublished":"2026-03-13T20:22:33+00:00","dateModified":"2026-03-23T12:27:46+00:00","breadcrumb":{"@id":"https:\/\/cufa.net\/fr\/elections\/declarations-dintention-des-candidat-e-s-2026-2028\/#breadcrumb"},"inLanguage":"fr-FR","potentialAction":[{"@type":"ReadAction","target":["https:\/\/cufa.net\/fr\/elections\/declarations-dintention-des-candidat-e-s-2026-2028\/"]}]},{"@type":"BreadcrumbList","@id":"https:\/\/cufa.net\/fr\/elections\/declarations-dintention-des-candidat-e-s-2026-2028\/#breadcrumb","itemListElement":[{"@type":"ListItem","position":1,"name":"Accueil","item":"https:\/\/cufa.net\/fr\/"},{"@type":"ListItem","position":2,"name":"\u00c9lections","item":"https:\/\/cufa.net\/fr\/elections\/"},{"@type":"ListItem","position":3,"name":"D\u00e9clarations d&#8217;intention des candidat.e.s 2026-2028"}]},{"@type":"WebSite","@id":"https:\/\/cufa.net\/#website","url":"https:\/\/cufa.net\/","name":"Concordia University Faculty Association","description":"Your SUPER-powered WP Engine Site","potentialAction":[{"@type":"SearchAction","target":{"@type":"EntryPoint","urlTemplate":"https:\/\/cufa.net\/?s={search_term_string}"},"query-input":{"@type":"PropertyValueSpecification","valueRequired":true,"valueName":"search_term_string"}}],"inLanguage":"fr-FR"}]}},"ticketed":false,"_links":{"self":[{"href":"https:\/\/cufa.net\/fr\/wp-json\/wp\/v2\/pages\/2331","targetHints":{"allow":["GET"]}}],"collection":[{"href":"https:\/\/cufa.net\/fr\/wp-json\/wp\/v2\/pages"}],"about":[{"href":"https:\/\/cufa.net\/fr\/wp-json\/wp\/v2\/types\/page"}],"author":[{"embeddable":true,"href":"https:\/\/cufa.net\/fr\/wp-json\/wp\/v2\/users\/41"}],"replies":[{"embeddable":true,"href":"https:\/\/cufa.net\/fr\/wp-json\/wp\/v2\/comments?post=2331"}],"version-history":[{"count":11,"href":"https:\/\/cufa.net\/fr\/wp-json\/wp\/v2\/pages\/2331\/revisions"}],"predecessor-version":[{"id":2404,"href":"https:\/\/cufa.net\/fr\/wp-json\/wp\/v2\/pages\/2331\/revisions\/2404"}],"up":[{"embeddable":true,"href":"https:\/\/cufa.net\/fr\/wp-json\/wp\/v2\/pages\/1151"}],"wp:attachment":[{"href":"https:\/\/cufa.net\/fr\/wp-json\/wp\/v2\/media?parent=2331"}],"curies":[{"name":"wp","href":"https:\/\/api.w.org\/{rel}","templated":true}]}}