{"id":1110,"date":"2025-04-03T07:47:55","date_gmt":"2025-04-03T07:47:55","guid":{"rendered":"https:\/\/cufa.net\/?page_id=1110"},"modified":"2025-10-08T14:09:35","modified_gmt":"2025-10-08T14:09:35","slug":"nouveaux-membres","status":"publish","type":"page","link":"https:\/\/cufa.net\/fr\/nouveaux-membres\/","title":{"rendered":"Inscription membres"},"content":{"rendered":"<div class=\"fusion-fullwidth fullwidth-box fusion-builder-row-1 fusion-flex-container has-pattern-background has-mask-background nonhundred-percent-fullwidth non-hundred-percent-height-scrolling\" style=\"--awb-border-radius-top-left:0px;--awb-border-radius-top-right:0px;--awb-border-radius-bottom-right:0px;--awb-border-radius-bottom-left:0px;--awb-padding-top:40px;--awb-padding-bottom:40px;--awb-flex-wrap:wrap;\" ><div class=\"fusion-builder-row fusion-row fusion-flex-align-items-center fusion-flex-content-wrap\" style=\"max-width:1560px;margin-left: calc(-4% \/ 2 );margin-right: calc(-4% \/ 2 );\"><div class=\"fusion-layout-column fusion_builder_column fusion-builder-column-0 fusion_builder_column_2_3 2_3 fusion-flex-column\" style=\"--awb-bg-size:cover;--awb-width-large:66.666666666667%;--awb-margin-top-large:0px;--awb-spacing-right-large:50px;--awb-margin-bottom-large:20px;--awb-spacing-left-large:2.88%;--awb-width-medium:66.666666666667%;--awb-order-medium:0;--awb-spacing-right-medium:50px;--awb-spacing-left-medium:2.88%;--awb-width-small:100%;--awb-order-small:0;--awb-spacing-right-small:1.92%;--awb-spacing-left-small:1.92%;\" data-scroll-devices=\"small-visibility,medium-visibility,large-visibility\"><div class=\"fusion-column-wrapper fusion-column-has-shadow fusion-flex-justify-content-flex-start fusion-content-layout-column\"><div class=\"fusion-title title fusion-title-1 fusion-sep-none fusion-title-text fusion-title-size-one\"><h1 class=\"fusion-title-heading title-heading-left\" style=\"margin:0;\">Devenir membre de l&#8217;APUC<\/h1><\/div><div class=\"fusion-title title fusion-title-2 fusion-sep-none fusion-title-text fusion-title-size-two\"><h2 class=\"fusion-title-heading title-heading-left\" style=\"margin:0;\">Bienvenue sur le portail d&#8217;inscription des membres de l&#8217;APUC<\/h2><\/div><div class=\"fusion-text fusion-text-1\"><p>Pour acc\u00e9der au portail r\u00e9serv\u00e9 aux membres, vous devez cr\u00e9er un profil avec votre nom et votre adresse \u00e9lectronique de Concordia. Une fois votre inscription confirm\u00e9e, vous aurez acc\u00e8s aux services et ressources de l&#8217;APUC, ainsi qu&#8217;aux actualit\u00e9s et mises \u00e0 jour r\u00e9serv\u00e9es aux membres.<\/p>\n<\/div><div class=\"fusion-text fusion-text-2\"><p>Ce portail est r\u00e9serv\u00e9 aux membres pour confirmer leur inscription. Si vous \u00eates membre de l&#8217;APUC, c&#8217;est ici que vous vous inscrirez pour acc\u00e9der aux ressources de l&#8217;Association.<\/p>\n<\/div><\/div><\/div><div class=\"fusion-layout-column fusion_builder_column fusion-builder-column-1 fusion_builder_column_1_3 1_3 fusion-flex-column home-member-login\" style=\"--awb-padding-top:30px;--awb-bg-color:#e6e6e6;--awb-bg-color-hover:#e6e6e6;--awb-bg-size:cover;--awb-border-color:#7f1b33;--awb-border-bottom:10px;--awb-border-style:solid;--awb-width-large:33.333333333333%;--awb-margin-top-large:0px;--awb-spacing-right-large:5.76%;--awb-margin-bottom-large:20px;--awb-spacing-left-large:50px;--awb-width-medium:33.333333333333%;--awb-order-medium:0;--awb-spacing-right-medium:5.76%;--awb-spacing-left-medium:50px;--awb-width-small:100%;--awb-order-small:0;--awb-spacing-right-small:1.92%;--awb-spacing-left-small:1.92%;\" data-scroll-devices=\"small-visibility,medium-visibility,large-visibility\"><div class=\"fusion-column-wrapper fusion-column-has-shadow fusion-flex-justify-content-flex-start fusion-content-layout-column\"><i class=\"fb-icon-element-1 fb-icon-element fontawesome-icon fa-user fas circle-no\" style=\"--awb-iconcolor:#7f1b33;--awb-font-size:18px;--awb-margin-top:0;--awb-margin-right:0;--awb-margin-bottom:0;--awb-margin-left:0;--awb-align-self:center;\"><\/i><div class=\"fusion-title title fusion-title-3 fusion-sep-none fusion-title-center fusion-title-text fusion-title-size-five\"><h5 class=\"fusion-title-heading title-heading-center\" style=\"margin:0;\">Inscription<\/h5><\/div><div class=\"fusion-builder-row fusion-builder-row-inner fusion-row fusion-flex-align-items-center fusion-flex-content-wrap\" style=\"width:104% !important;max-width:104% !important;margin-left: calc(-4% \/ 2 );margin-right: calc(-4% \/ 2 );\"><div class=\"fusion-layout-column fusion_builder_column_inner fusion-builder-nested-column-0 fusion_builder_column_inner_1_1 1_1 fusion-flex-column fusion-flex-align-self-center custom-register-form\" style=\"--awb-padding-right:10%;--awb-padding-left:10%;--awb-bg-size:cover;--awb-width-large:100%;--awb-margin-top-large:0px;--awb-spacing-right-large:1.92%;--awb-margin-bottom-large:20px;--awb-spacing-left-large:1.92%;--awb-width-medium:100%;--awb-order-medium:0;--awb-spacing-right-medium:1.92%;--awb-spacing-left-medium:1.92%;--awb-width-small:100%;--awb-order-small:0;--awb-spacing-right-small:1.92%;--awb-spacing-left-small:1.92%;\" data-scroll-devices=\"small-visibility,medium-visibility,large-visibility\"><div class=\"fusion-column-wrapper fusion-column-has-shadow fusion-flex-justify-content-center fusion-content-layout-column\">\n<div class=\"um um-register um-14\">\n\t<div class=\"um-form\" data-mode=\"register\">\n\t\t<form method=\"post\" action=\"\">\n\t\t\t<div class=\"um-row _um_row_1 \" style=\"margin: 0 0 30px 0;\"><div class=\"um-col-1\"><div  id=\"um_field_14_first_name\" class=\"um-field um-field-text  um-field-first_name um-field-text um-field-type_text\" data-key=\"first_name\"><div class=\"um-field-label\"><label for=\"first_name-14\">Pr\u00e9nom<\/label><div class=\"um-clear\"><\/div><\/div><div class=\"um-field-area\"><input  autocomplete=\"off\" class=\"um-form-field valid not-required \" type=\"text\" name=\"first_name-14\" id=\"first_name-14\" value=\"\" placeholder=\"First Name\" data-validate=\"\" data-key=\"first_name\"  aria-invalid=\"false\" \/>\n\n\t\t\t\t\t\t<\/div><\/div><div  id=\"um_field_14_last_name\" class=\"um-field um-field-text  um-field-last_name um-field-text um-field-type_text\" data-key=\"last_name\"><div class=\"um-field-label\"><label for=\"last_name-14\">Nom<\/label><div class=\"um-clear\"><\/div><\/div><div class=\"um-field-area\"><input  autocomplete=\"off\" class=\"um-form-field valid not-required \" type=\"text\" name=\"last_name-14\" id=\"last_name-14\" value=\"\" placeholder=\"Last Name\" data-validate=\"\" data-key=\"last_name\"  aria-invalid=\"false\" \/>\n\n\t\t\t\t\t\t<\/div><\/div><div  id=\"um_field_14_user_email\" class=\"um-field um-field-text  um-field-user_email um-field-text um-field-type_text\" data-key=\"user_email\"><div class=\"um-field-label\"><label for=\"user_email-14\">Courriel<\/label><div class=\"um-clear\"><\/div><\/div><div class=\"um-field-area\"><input  autocomplete=\"off\" class=\"um-form-field valid not-required \" type=\"text\" name=\"user_email-14\" id=\"user_email-14\" value=\"\" placeholder=\"E-mail Address\" data-validate=\"unique_email\" data-key=\"user_email\"  aria-invalid=\"false\" \/>\n\n\t\t\t\t\t\t<\/div><\/div><div  id=\"um_field_14_department\" class=\"um-field um-field-text  um-field-department um-field-text um-field-type_text\" data-key=\"department\"><div class=\"um-field-label\"><label for=\"department-14\">Department<\/label><div class=\"um-clear\"><\/div><\/div><div class=\"um-field-area\"><input  autocomplete=\"off\" class=\"um-form-field valid not-required \" type=\"text\" name=\"department-14\" id=\"department-14\" value=\"\" placeholder=\"Department\" data-validate=\"\" data-key=\"department\"  aria-invalid=\"false\" \/>\n\n\t\t\t\t\t\t<\/div><\/div><div  id=\"um_field_14_telephone\" class=\"um-field um-field-tel  um-field-telephone um-field-tel um-field-type_tel\" data-key=\"telephone\"><div class=\"um-field-area\"><input  autocomplete=\"off\" class=\"um-form-field valid not-required \" type=\"tel\" name=\"telephone-14\" id=\"telephone-14\" value=\"\" placeholder=\"Telephone Number\" data-validate=\"\" data-key=\"telephone\"  aria-invalid=\"false\" \/>\n\n\t\t\t\t\t\t<\/div><\/div><div  id=\"um_field_14_Campus\" class=\"um-field um-field-radio  um-field-Campus um-field-radio um-field-type_radio\" data-key=\"Campus\"  aria-invalid=\"false\" ><div class=\"um-field-label\"><label for=\"Campus-14\">Campus<\/label><div class=\"um-clear\"><\/div><\/div><div class=\"um-field-area\"><label class=\"um-field-radio  um-field-half \"><input  type=\"radio\" name=\"Campus[]\" value=\"SGW\"  \/><span class=\"um-field-radio-state\"><i class=\"um-icon-android-radio-button-off\"><\/i><\/span><span class=\"um-field-radio-option\">SGW<\/span><\/label><label class=\"um-field-radio  um-field-half  right \"><input  type=\"radio\" name=\"Campus[]\" value=\" Loyola\"  \/><span class=\"um-field-radio-state\"><i class=\"um-icon-android-radio-button-off\"><\/i><\/span><span class=\"um-field-radio-option\"> Loyola<\/span><\/label><div class=\"um-clear\"><\/div><div class=\"um-clear\"><\/div><\/div><\/div><div  id=\"um_field_14_Building\" class=\"um-field um-field-text  um-field-Building um-field-text um-field-type_text\" data-key=\"Building\"><div class=\"um-field-area\"><input  autocomplete=\"off\" class=\"um-form-field valid not-required \" type=\"text\" name=\"Building-14\" id=\"Building-14\" value=\"\" placeholder=\"Building\" data-validate=\"\" data-key=\"Building\"  aria-invalid=\"false\" \/>\n\n\t\t\t\t\t\t<\/div><\/div><div  id=\"um_field_14_office\" class=\"um-field um-field-text  um-field-office um-field-text um-field-type_text\" data-key=\"office\"><div class=\"um-field-label\"><label for=\"office-14\">Office Door #<\/label><div class=\"um-clear\"><\/div><\/div><div class=\"um-field-area\"><input  autocomplete=\"off\" class=\"um-form-field valid not-required \" type=\"text\" name=\"office-14\" id=\"office-14\" value=\"\" placeholder=\"Office Door #\" data-validate=\"\" data-key=\"office\"  aria-invalid=\"false\" \/>\n\n\t\t\t\t\t\t<\/div><\/div><div  id=\"um_field_14_secondary_user_email\" class=\"um-field um-field-text  um-field-secondary_user_email um-field-text um-field-type_text\" data-key=\"secondary_user_email\"><div class=\"um-field-label\"><label for=\"secondary_user_email-14\">Adresse e-mail secondaire<\/label><div class=\"um-clear\"><\/div><\/div><div class=\"um-field-area\"><input  autocomplete=\"off\" class=\"um-form-field valid not-required \" type=\"text\" name=\"secondary_user_email-14\" id=\"secondary_user_email-14\" value=\"\" placeholder=\"\" data-validate=\"unique_email\" data-key=\"secondary_user_email\"  aria-invalid=\"false\" \/>\n\n\t\t\t\t\t\t<\/div><\/div><div  id=\"um_field_14_alternativetele\" class=\"um-field um-field-tel  um-field-alternativetele um-field-tel um-field-type_tel\" data-key=\"alternativetele\"><div class=\"um-field-label\"><label for=\"alternativetele-14\">Alternative Telephone<\/label><div class=\"um-clear\"><\/div><\/div><div class=\"um-field-area\"><input  autocomplete=\"off\" class=\"um-form-field valid not-required \" type=\"tel\" name=\"alternativetele-14\" id=\"alternativetele-14\" value=\"\" placeholder=\"Alternative Telephone\" data-validate=\"\" data-key=\"alternativetele\"  aria-invalid=\"false\" \/>\n\n\t\t\t\t\t\t<\/div><\/div><div  id=\"um_field_14_user_password\" class=\"um-field um-field-password  um-field-user_password um-field-password um-field-type_password\" data-key=\"user_password\"><div class=\"um-field-label\"><label for=\"user_password-14\">Mot de passe<\/label><div class=\"um-clear\"><\/div><\/div><div class=\"um-field-area\"><input class=\"um-form-field valid \" type=\"password\" name=\"user_password-14\" id=\"user_password-14\" value=\"\" placeholder=\"Password\" data-validate=\"\" data-key=\"user_password\"  aria-invalid=\"false\" \/>\n\n\t\t\t\t\t\t\t<\/div><\/div><div  id=\"um_field_14_confirm_user_password\" class=\"um-field um-field-password  um-field-user_password um-field-password um-field-type_password\" data-key=\"confirm_user_password\"><div class=\"um-field-label\"><label for=\"confirm_user_password-14\">Confirmer le Mot de passe<\/label><div class=\"um-clear\"><\/div><\/div><div class=\"um-field-area\"><input class=\"um-form-field valid \" type=\"password\" name=\"confirm_user_password-14\" id=\"confirm_user_password-14\" value=\"\" placeholder=\"Confirmer le Mot de passe\" data-validate=\"\" data-key=\"confirm_user_password\"  aria-invalid=\"false\" \/><\/div><\/div><\/div><\/div>\t<input type=\"hidden\" name=\"form_id\" id=\"form_id_14\" value=\"14\" \/>\n\t\t<p class=\"um_request_name\">\n\t\t<label for=\"um_request_14\">Only fill in if you are not human<\/label>\n\t\t<input type=\"hidden\" name=\"um_request\" id=\"um_request_14\" class=\"input\" value=\"\" size=\"25\" autocomplete=\"off\" \/>\n\t<\/p>\n\t\t\t<div id=\"cf-turnstile-um-register\"\r\n\t\tclass=\"cf-turnstile\" \t\tdata-sitekey=\"0x4AAAAAAB5rdxvWNdRamuda\"\r\n\t\tdata-theme=\"auto\"\r\n\t\tdata-language=\"auto\"\r\n\t\tdata-size=\"normal\"\r\n\t\tdata-retry=\"auto\" data-retry-interval=\"1000\"\r\n\t\tdata-refresh-expired=\"auto\"\r\n\t\tdata-action=\"ultimate-member\"\r\n\t\t\t\tdata-appearance=\"always\"><\/div>\r\n\t\t\t<script>document.addEventListener(\"DOMContentLoaded\", function() { setTimeout(function(){ var e=document.getElementById(\"cf-turnstile-um-register\"); e&&!e.innerHTML.trim()&&(turnstile.remove(\"#cf-turnstile-um-register\"), turnstile.render(\"#cf-turnstile-um-register\", {sitekey:\"0x4AAAAAAB5rdxvWNdRamuda\"})); }, 100); });<\/script>\r\n\t\t\t<br class=\"cf-turnstile-br cf-turnstile-br-um-register\">\r\n\t\t\t\t<style>#cf-turnstile-um-register { margin-left: -15px; }<\/style>\r\n\t\t<input type=\"hidden\" id=\"_wpnonce\" name=\"_wpnonce\" value=\"ab077ccd81\" \/><input type=\"hidden\" name=\"_wp_http_referer\" value=\"\/fr\/wp-json\/wp\/v2\/pages\/1110\" \/>\n\t<div class=\"um-col-alt\">\n\n\t\t\n\t\t\t<div class=\"um-left um-half\">\n\t\t\t\t<input type=\"submit\" value=\"S\u2019inscrire\" class=\"um-button\" id=\"um-submit-btn\" \/>\n\t\t\t<\/div>\n\t\t\t<div class=\"um-right um-half\">\n\t\t\t\t<a href=\"https:\/\/cufa.net\/fr\/connexion-des-membres\/\" class=\"um-button um-alt\">\n\t\t\t\t\tConnexion\t\t\t\t<\/a>\n\t\t\t<\/div>\n\n\t\t\n\t\t<div class=\"um-clear\"><\/div>\n\n\t<\/div>\n\n\t\t\t<\/form>\n\t<\/div>\n<\/div>\n<style>\n\t\t\t.um-14.um {\n\t\t\tmax-width: 450px;\n\t\t}\n\t\t<\/style>\n\n\n<div class=\"um-login-message\">\n<div class=\"um-register-link\" style=\"text-align: center; margin-top: 15px;\">\n<p>Si vous avez un compte, veuillez <a href=\"\/fr\/connexion-des-membres\/\">vous connecter ici<\/a><\/p>\n<\/div><\/div>\n<\/div><\/div><\/div><\/div><\/div><\/div><\/div>\n","protected":false},"excerpt":{"rendered":"","protected":false},"author":1,"featured_media":0,"parent":0,"menu_order":0,"comment_status":"closed","ping_status":"closed","template":"100-width.php","meta":{"_price":"","_stock":"","_tribe_ticket_header":"","_tribe_default_ticket_provider":"","_ticket_start_date":"","_ticket_end_date":"","_tribe_ticket_show_description":"","_tribe_ticket_show_not_going":false,"_tribe_ticket_use_global_stock":"","_tribe_ticket_global_stock_level":"","_global_stock_mode":"","_global_stock_cap":"","_tribe_rsvp_for_event":"","_tribe_ticket_going_count":"","_tribe_ticket_not_going_count":"","_tribe_tickets_list":"[]","_tribe_ticket_has_attendee_info_fields":false,"footnotes":"","_tec_slr_enabled":"","_tec_slr_layout":""},"class_list":["post-1110","page","type-page","status-publish","hentry"],"yoast_head":"<!-- This site is optimized with the Yoast SEO plugin v26.9 - https:\/\/yoast.com\/product\/yoast-seo-wordpress\/ -->\n<title>Inscription membres - Concordia University Faculty Association<\/title>\n<meta name=\"robots\" content=\"index, follow, max-snippet:-1, max-image-preview:large, max-video-preview:-1\" \/>\n<link rel=\"canonical\" href=\"https:\/\/cufa.net\/fr\/nouveaux-membres\/\" \/>\n<meta property=\"og:locale\" content=\"fr_FR\" \/>\n<meta property=\"og:type\" content=\"article\" \/>\n<meta property=\"og:title\" content=\"Inscription membres - Concordia University Faculty Association\" \/>\n<meta property=\"og:url\" content=\"https:\/\/cufa.net\/fr\/nouveaux-membres\/\" \/>\n<meta property=\"og:site_name\" content=\"Concordia University Faculty Association\" \/>\n<meta property=\"article:modified_time\" content=\"2025-10-08T14:09:35+00:00\" \/>\n<meta name=\"twitter:card\" content=\"summary_large_image\" \/>\n<meta name=\"twitter:label1\" content=\"Dur\u00e9e de lecture estim\u00e9e\" \/>\n\t<meta name=\"twitter:data1\" content=\"1 minute\" \/>\n<script type=\"application\/ld+json\" class=\"yoast-schema-graph\">{\"@context\":\"https:\/\/schema.org\",\"@graph\":[{\"@type\":\"WebPage\",\"@id\":\"https:\/\/cufa.net\/fr\/nouveaux-membres\/\",\"url\":\"https:\/\/cufa.net\/fr\/nouveaux-membres\/\",\"name\":\"Inscription membres - Concordia University Faculty Association\",\"isPartOf\":{\"@id\":\"https:\/\/cufa.net\/#website\"},\"datePublished\":\"2025-04-03T07:47:55+00:00\",\"dateModified\":\"2025-10-08T14:09:35+00:00\",\"breadcrumb\":{\"@id\":\"https:\/\/cufa.net\/fr\/nouveaux-membres\/#breadcrumb\"},\"inLanguage\":\"fr-FR\",\"potentialAction\":[{\"@type\":\"ReadAction\",\"target\":[\"https:\/\/cufa.net\/fr\/nouveaux-membres\/\"]}]},{\"@type\":\"BreadcrumbList\",\"@id\":\"https:\/\/cufa.net\/fr\/nouveaux-membres\/#breadcrumb\",\"itemListElement\":[{\"@type\":\"ListItem\",\"position\":1,\"name\":\"Accueil\",\"item\":\"https:\/\/cufa.net\/fr\/\"},{\"@type\":\"ListItem\",\"position\":2,\"name\":\"Inscription membres\"}]},{\"@type\":\"WebSite\",\"@id\":\"https:\/\/cufa.net\/#website\",\"url\":\"https:\/\/cufa.net\/\",\"name\":\"Concordia University Faculty Association\",\"description\":\"Your SUPER-powered WP Engine Site\",\"potentialAction\":[{\"@type\":\"SearchAction\",\"target\":{\"@type\":\"EntryPoint\",\"urlTemplate\":\"https:\/\/cufa.net\/?s={search_term_string}\"},\"query-input\":{\"@type\":\"PropertyValueSpecification\",\"valueRequired\":true,\"valueName\":\"search_term_string\"}}],\"inLanguage\":\"fr-FR\"}]}<\/script>\n<!-- \/ Yoast SEO plugin. -->","yoast_head_json":{"title":"Inscription membres - Concordia University Faculty Association","robots":{"index":"index","follow":"follow","max-snippet":"max-snippet:-1","max-image-preview":"max-image-preview:large","max-video-preview":"max-video-preview:-1"},"canonical":"https:\/\/cufa.net\/fr\/nouveaux-membres\/","og_locale":"fr_FR","og_type":"article","og_title":"Inscription membres - Concordia University Faculty Association","og_url":"https:\/\/cufa.net\/fr\/nouveaux-membres\/","og_site_name":"Concordia University Faculty Association","article_modified_time":"2025-10-08T14:09:35+00:00","twitter_card":"summary_large_image","twitter_misc":{"Dur\u00e9e de lecture estim\u00e9e":"1 minute"},"schema":{"@context":"https:\/\/schema.org","@graph":[{"@type":"WebPage","@id":"https:\/\/cufa.net\/fr\/nouveaux-membres\/","url":"https:\/\/cufa.net\/fr\/nouveaux-membres\/","name":"Inscription membres - Concordia University Faculty Association","isPartOf":{"@id":"https:\/\/cufa.net\/#website"},"datePublished":"2025-04-03T07:47:55+00:00","dateModified":"2025-10-08T14:09:35+00:00","breadcrumb":{"@id":"https:\/\/cufa.net\/fr\/nouveaux-membres\/#breadcrumb"},"inLanguage":"fr-FR","potentialAction":[{"@type":"ReadAction","target":["https:\/\/cufa.net\/fr\/nouveaux-membres\/"]}]},{"@type":"BreadcrumbList","@id":"https:\/\/cufa.net\/fr\/nouveaux-membres\/#breadcrumb","itemListElement":[{"@type":"ListItem","position":1,"name":"Accueil","item":"https:\/\/cufa.net\/fr\/"},{"@type":"ListItem","position":2,"name":"Inscription membres"}]},{"@type":"WebSite","@id":"https:\/\/cufa.net\/#website","url":"https:\/\/cufa.net\/","name":"Concordia University Faculty Association","description":"Your SUPER-powered WP Engine Site","potentialAction":[{"@type":"SearchAction","target":{"@type":"EntryPoint","urlTemplate":"https:\/\/cufa.net\/?s={search_term_string}"},"query-input":{"@type":"PropertyValueSpecification","valueRequired":true,"valueName":"search_term_string"}}],"inLanguage":"fr-FR"}]}},"ticketed":false,"_links":{"self":[{"href":"https:\/\/cufa.net\/fr\/wp-json\/wp\/v2\/pages\/1110","targetHints":{"allow":["GET"]}}],"collection":[{"href":"https:\/\/cufa.net\/fr\/wp-json\/wp\/v2\/pages"}],"about":[{"href":"https:\/\/cufa.net\/fr\/wp-json\/wp\/v2\/types\/page"}],"author":[{"embeddable":true,"href":"https:\/\/cufa.net\/fr\/wp-json\/wp\/v2\/users\/1"}],"replies":[{"embeddable":true,"href":"https:\/\/cufa.net\/fr\/wp-json\/wp\/v2\/comments?post=1110"}],"version-history":[{"count":0,"href":"https:\/\/cufa.net\/fr\/wp-json\/wp\/v2\/pages\/1110\/revisions"}],"wp:attachment":[{"href":"https:\/\/cufa.net\/fr\/wp-json\/wp\/v2\/media?parent=1110"}],"curies":[{"name":"wp","href":"https:\/\/api.w.org\/{rel}","templated":true}]}}