{"id":1038,"date":"2025-04-22T13:21:43","date_gmt":"2025-04-22T13:21:43","guid":{"rendered":"https:\/\/cufa.net\/?page_id=1038"},"modified":"2025-05-19T15:01:19","modified_gmt":"2025-05-19T15:01:19","slug":"plan-du-site","status":"publish","type":"page","link":"https:\/\/cufa.net\/fr\/plan-du-site\/","title":{"rendered":"plan du site"},"content":{"rendered":"<div class=\"fusion-fullwidth fullwidth-box fusion-builder-row-1 fusion-flex-container has-pattern-background has-mask-background nonhundred-percent-fullwidth non-hundred-percent-height-scrolling\" style=\"--awb-border-radius-top-left:0px;--awb-border-radius-top-right:0px;--awb-border-radius-bottom-right:0px;--awb-border-radius-bottom-left:0px;--awb-padding-top:40px;--awb-padding-bottom:40px;--awb-flex-wrap:wrap;\" ><div class=\"fusion-builder-row fusion-row fusion-flex-align-items-flex-start fusion-flex-content-wrap\" style=\"max-width:1560px;margin-left: calc(-4% \/ 2 );margin-right: calc(-4% \/ 2 );\"><div class=\"fusion-layout-column fusion_builder_column fusion-builder-column-0 fusion_builder_column_1_1 1_1 fusion-flex-column\" style=\"--awb-bg-size:cover;--awb-width-large:100%;--awb-margin-top-large:0px;--awb-spacing-right-large:1.92%;--awb-margin-bottom-large:20px;--awb-spacing-left-large:1.92%;--awb-width-medium:100%;--awb-order-medium:0;--awb-spacing-right-medium:1.92%;--awb-spacing-left-medium:1.92%;--awb-width-small:100%;--awb-order-small:0;--awb-spacing-right-small:1.92%;--awb-spacing-left-small:1.92%;\"><div class=\"fusion-column-wrapper fusion-column-has-shadow fusion-flex-justify-content-flex-start fusion-content-layout-column\"><div class=\"fusion-title title fusion-title-1 fusion-sep-none fusion-title-text fusion-title-size-one\"><h1 class=\"fusion-title-heading title-heading-left\" style=\"margin:0;\">plan du site<\/h1><\/div><div class=\"wsp-container\"><h2 class=\"wsp-pages-title\">Pages<\/h2>\n<ul class=\"wsp-pages-list\">\n<li class=\"page_item page-item-978 page_item_has_children\"><a href=\"https:\/\/cufa.net\/fr\/a-propos-de-nous\/\">\u00c0 propos<\/a>\n<ul class='children'>\n\t<li class=\"page_item page-item-991 page_item_has_children\"><a href=\"https:\/\/cufa.net\/fr\/a-propos-de-nous\/annuaire-de-lafuc\/\">Ex\u00e9cutif de l\u2019APUC<\/a>\n\t<ul class='children'>\n\t\t<li class=\"page_item page-item-1026\"><a href=\"https:\/\/cufa.net\/fr\/a-propos-de-nous\/annuaire-de-lafuc\/comiteexecutif\/\">Comit\u00e9 ex\u00e9cutif<\/a><\/li>\n\t\t<li class=\"page_item page-item-992\"><a href=\"https:\/\/cufa.net\/fr\/a-propos-de-nous\/annuaire-de-lafuc\/comites\/\">Comit\u00e9s<\/a><\/li>\n\t\t<li class=\"page_item page-item-1028\"><a href=\"https:\/\/cufa.net\/fr\/a-propos-de-nous\/annuaire-de-lafuc\/personnel\/\">L&#8217;\u00e9quipe de soutien de l&#8217;APUC<\/a><\/li>\n\t\t<li class=\"page_item page-item-1033\"><a href=\"https:\/\/cufa.net\/fr\/a-propos-de-nous\/annuaire-de-lafuc\/membres-du-conseil\/\">Membres du Conseil<\/a><\/li>\n\t<\/ul>\n<\/li>\n<\/ul>\n<\/li>\n<li class=\"page_item page-item-943\"><a href=\"https:\/\/cufa.net\/fr\/\">Accueil<\/a><\/li>\n<li class=\"page_item page-item-1118\"><a href=\"https:\/\/cufa.net\/fr\/actualites\/\">Actualit\u00e9s<\/a><\/li>\n<li class=\"page_item page-item-960\"><a href=\"https:\/\/cufa.net\/fr\/bienvenue\/\">Bienvenue<\/a><\/li>\n<li class=\"page_item page-item-1150\"><a href=\"https:\/\/cufa.net\/fr\/bulletin-dinformation\/\">Bulletin d&#8217;information<\/a><\/li>\n<li class=\"page_item page-item-1008\"><a href=\"https:\/\/cufa.net\/fr\/bulletin-dinformation-electronique\/\">Bulletin d&#8217;information \u00e9lectronique<\/a><\/li>\n<li class=\"page_item page-item-1014\"><a href=\"https:\/\/cufa.net\/fr\/bulletins-de-negociation\/\">Bulletins de n\u00e9gociation<\/a><\/li>\n<li class=\"page_item page-item-1121 page_item_has_children\"><a href=\"https:\/\/cufa.net\/fr\/evenements\/\">Calendrier<\/a>\n<ul class='children'>\n\t<li class=\"page_item page-item-1040\"><a href=\"https:\/\/cufa.net\/fr\/evenements\/evenements-a-venir\/\">\u00c9v\u00e9nements \u00e0 venir<\/a><\/li>\n<\/ul>\n<\/li>\n<li class=\"page_item page-item-1003\"><a href=\"https:\/\/cufa.net\/fr\/campagne-mediatique-homa\/\">Campagne m\u00e9diatique Homa<\/a><\/li>\n<li class=\"page_item page-item-1029\"><a href=\"https:\/\/cufa.net\/fr\/carriere\/\">Restricted content<\/a><\/li>\n<li class=\"page_item page-item-1116\"><a href=\"https:\/\/cufa.net\/fr\/connexion-des-membres\/\">Connexion membres<\/a><\/li>\n<li class=\"page_item page-item-1626\"><a href=\"https:\/\/cufa.net\/fr\/conventions-collectives-membres\/\">Restricted content<\/a><\/li>\n<li class=\"page_item page-item-1537\"><a href=\"https:\/\/cufa.net\/fr\/dates-a-retenir\/\">Dates \u00e0 retenir<\/a><\/li>\n<li class=\"page_item page-item-1034\"><a href=\"https:\/\/cufa.net\/fr\/declarations-des-candidats-2025-2027\/\">D\u00e9clarations des candidats 2025-2027<\/a><\/li>\n<li class=\"page_item page-item-1214\"><a href=\"https:\/\/cufa.net\/fr\/logout\/\">D\u00e9connexion<\/a><\/li>\n<li class=\"page_item page-item-1000\"><a href=\"https:\/\/cufa.net\/fr\/documents-de-lacppu\/\">Restricted content<\/a><\/li>\n<li class=\"page_item page-item-1001\"><a href=\"https:\/\/cufa.net\/fr\/documents-de-la-fqppu\/\">Restricted content<\/a><\/li>\n<li class=\"page_item page-item-1151 page_item_has_children\"><a href=\"https:\/\/cufa.net\/fr\/elections\/\">\u00c9lections<\/a>\n<ul class='children'>\n\t<li class=\"page_item page-item-2331\"><a href=\"https:\/\/cufa.net\/fr\/elections\/declarations-dintention-des-candidat-e-s-2026-2028\/\">D\u00e9clarations d&#8217;intention des candidat.e.s 2026-2028<\/a><\/li>\n\t<li class=\"page_item page-item-1030\"><a href=\"https:\/\/cufa.net\/fr\/elections\/informations-pour-les-candidats-potentiels-aux-prochaines-elections-de-lapuc\/\">Informations pour les candidats potentiels aux prochaines \u00e9lections de l&#8217;APUC<\/a><\/li>\n<\/ul>\n<\/li>\n<li class=\"page_item page-item-1007\"><a href=\"https:\/\/cufa.net\/fr\/domaine-des-membres\/\">Espace membres<\/a><\/li>\n<li class=\"page_item page-item-1025\"><a href=\"https:\/\/cufa.net\/fr\/etats-financiers\/\">Restricted content<\/a><\/li>\n<li class=\"page_item page-item-979\"><a href=\"https:\/\/cufa.net\/fr\/formulaires-de-candidature-2021\/\">Formulaires de candidature &#8211; 2021<\/a><\/li>\n<li class=\"page_item page-item-961\"><a href=\"https:\/\/cufa.net\/fr\/formulaires-de-candidature-2015-2017\/\">Formulaires de candidature 2015-2017<\/a><\/li>\n<li class=\"page_item page-item-966\"><a href=\"https:\/\/cufa.net\/fr\/formulaires-de-candidature-2016-2018\/\">Formulaires de candidature 2016-2018<\/a><\/li>\n<li class=\"page_item page-item-968\"><a href=\"https:\/\/cufa.net\/fr\/formulaires-de-candidature-2017-2019\/\">Formulaires de candidature 2017-2019<\/a><\/li>\n<li class=\"page_item page-item-969\"><a href=\"https:\/\/cufa.net\/fr\/formulaires-de-candidature-2018\/\">Formulaires de candidature 2018<\/a><\/li>\n<li class=\"page_item page-item-975\"><a href=\"https:\/\/cufa.net\/fr\/formulaires-de-candidature-2019\/\">Formulaires de candidature 2019<\/a><\/li>\n<li class=\"page_item page-item-965\"><a href=\"https:\/\/cufa.net\/fr\/homa-libre\/\">Homa libre<\/a><\/li>\n<li class=\"page_item page-item-977\"><a href=\"https:\/\/cufa.net\/fr\/inscription\/\">Inscription<\/a><\/li>\n<li class=\"page_item page-item-1110\"><a href=\"https:\/\/cufa.net\/fr\/nouveaux-membres\/\">Inscription membres<\/a><\/li>\n<li class=\"page_item page-item-1021\"><a href=\"https:\/\/cufa.net\/fr\/lettre-dinformation-decembre-2023\/\">Lettre d&#8217;information &#8211; D\u00e9cembre 2023<\/a><\/li>\n<li class=\"page_item page-item-1018\"><a href=\"https:\/\/cufa.net\/fr\/lettre-dinformation-juin-2023\/\">Lettre d&#8217;information &#8211; Juin 2023<\/a><\/li>\n<li class=\"page_item page-item-1019\"><a href=\"https:\/\/cufa.net\/fr\/lettre-dinformation-octobre-2023\/\">Lettre d&#8217;information &#8211; Octobre 2023<\/a><\/li>\n<li class=\"page_item page-item-970\"><a href=\"https:\/\/cufa.net\/fr\/autres-liens\/\">Liens utiles<\/a><\/li>\n<li class=\"page_item page-item-1016\"><a href=\"https:\/\/cufa.net\/fr\/lignes-directrices-de-cuforum\/\">Lignes directrices de CUFORUM<\/a><\/li>\n<li class=\"page_item page-item-1013\"><a href=\"https:\/\/cufa.net\/fr\/message-du-president\/\">Message du Pr\u00e9sident<\/a><\/li>\n<li class=\"page_item page-item-959\"><a href=\"https:\/\/cufa.net\/fr\/contact\/\">Nous Joindre<\/a><\/li>\n<li class=\"page_item page-item-1038\"><a href=\"https:\/\/cufa.net\/fr\/plan-du-site\/\">plan du site<\/a><\/li>\n<li class=\"page_item page-item-1005\"><a href=\"https:\/\/cufa.net\/fr\/politique-dinvestissement\/\">Restricted content<\/a><\/li>\n<li class=\"page_item page-item-1037\"><a href=\"https:\/\/cufa.net\/fr\/politique-de-confidentialite\/\">Politique de confidentialit\u00e9<\/a><\/li>\n<li class=\"page_item page-item-972\"><a href=\"https:\/\/cufa.net\/fr\/presentation-du-negociateur-en-chef-sur-la-convention-collective-2018-2021-au-conseil-de-lacef\/\">Pr\u00e9sentation du n\u00e9gociateur en chef sur la convention collective 2018-2021 au Conseil de l&#8217;ACEF<\/a><\/li>\n<li class=\"page_item page-item-963\"><a href=\"https:\/\/cufa.net\/fr\/prises-de-position-des-candidats\/\">Prises de position des candidats<\/a><\/li>\n<li class=\"page_item page-item-1012\"><a href=\"https:\/\/cufa.net\/fr\/prises-de-position-des-candidats-election-partielle-des-membres-a-titre-personnel\/\">Prises de position des candidats &#8211; \u00c9lection partielle des membres \u00e0 titre personnel<\/a><\/li>\n<li class=\"page_item page-item-962\"><a href=\"https:\/\/cufa.net\/fr\/prises-de-position-des-candidats-2015-2017\/\">prises de position des candidats 2015-2017<\/a><\/li>\n<li class=\"page_item page-item-1023\"><a href=\"https:\/\/cufa.net\/fr\/prises-de-position-des-candidats-2024-2026\/\">Prises de position des candidats 2024-2026<\/a><\/li>\n<li class=\"page_item page-item-1031\"><a href=\"https:\/\/cufa.net\/fr\/proces-verbal-de-la-reunion\/\">Restricted content<\/a><\/li>\n<li class=\"page_item page-item-974\"><a href=\"https:\/\/cufa.net\/fr\/protocole-daccord-pour-la-convention-collective-2018-2021\/\">Protocole d&#8217;accord pour la convention collective 2018-2021<\/a><\/li>\n<li class=\"page_item page-item-2428\"><a href=\"https:\/\/cufa.net\/fr\/elections-candidate-answers-to-member-questions\/\">R\u00e9ponses des candidats aux questions des membres<\/a><\/li>\n<li class=\"page_item page-item-1057 page_item_has_children\"><a href=\"https:\/\/cufa.net\/fr\/ressources\/\">Ressources<\/a>\n<ul class='children'>\n\t<li class=\"page_item page-item-981\"><a href=\"https:\/\/cufa.net\/fr\/ressources\/constitution\/\">Constitution<\/a><\/li>\n\t<li class=\"page_item page-item-982 page_item_has_children\"><a href=\"https:\/\/cufa.net\/fr\/ressources\/conventions-collectives\/\">Conventions Collectives<\/a>\n\t<ul class='children'>\n\t\t<li class=\"page_item page-item-1162\"><a href=\"https:\/\/cufa.net\/fr\/ressources\/conventions-collectives\/collective-agreement-for-2023-2026-statique\/\">Collective Agreement for 2023 \u2013 2026 Static<\/a><\/li>\n\t\t<li class=\"page_item page-item-996\"><a href=\"https:\/\/cufa.net\/fr\/ressources\/conventions-collectives\/convention-collective-pour-2002-2007\/\">Convention collective pour 2002 &#8211; 2007<\/a><\/li>\n\t\t<li class=\"page_item page-item-995\"><a href=\"https:\/\/cufa.net\/fr\/ressources\/conventions-collectives\/convention-collective-2007-2012\/\">Convention collective pour 2007 \u2013 2012<\/a><\/li>\n\t\t<li class=\"page_item page-item-994\"><a href=\"https:\/\/cufa.net\/fr\/ressources\/conventions-collectives\/convention-collective-pour-2012-2015\/\">Convention collective pour 2012 &#8211; 2015<\/a><\/li>\n\t\t<li class=\"page_item page-item-993\"><a href=\"https:\/\/cufa.net\/fr\/ressources\/conventions-collectives\/convention-collective-pour-2015-2018\/\">Convention collective pour 2015 &#8211; 2018<\/a><\/li>\n\t\t<li class=\"page_item page-item-990\"><a href=\"https:\/\/cufa.net\/fr\/ressources\/conventions-collectives\/convention-collective-pour-2018-2021\/\">Convention collective pour 2018-2021 (prolong\u00e9e jusqu\u2019en 2023)<\/a><\/li>\n\t\t<li class=\"page_item page-item-984\"><a href=\"https:\/\/cufa.net\/fr\/ressources\/conventions-collectives\/convention-collective-pour-2023-2026\/\">Convention collective pour 2023 &#8211; 2026<\/a><\/li>\n\t<\/ul>\n<\/li>\n\t<li class=\"page_item page-item-964\"><a href=\"https:\/\/cufa.net\/fr\/ressources\/formulaires\/\">Formulaires<\/a><\/li>\n\t<li class=\"page_item page-item-998\"><a href=\"https:\/\/cufa.net\/fr\/ressources\/grilles-salariales\/\">Grilles salariales<\/a><\/li>\n<\/ul>\n<\/li>\n<li class=\"page_item page-item-1010\"><a href=\"https:\/\/cufa.net\/fr\/resume-de-laccord-de-principe\/\">R\u00e9sum\u00e9 de l&#8217;accord de principe<\/a><\/li>\n<li class=\"page_item page-item-1011\"><a href=\"https:\/\/cufa.net\/fr\/retraite\/\">Retraite<\/a><\/li>\n<li class=\"page_item page-item-1009\"><a href=\"https:\/\/cufa.net\/fr\/suggestions\/\">Restricted content<\/a><\/li>\n<\/ul>\n<\/div><\/div><\/div><\/div><\/div>\n","protected":false},"excerpt":{"rendered":"","protected":false},"author":1,"featured_media":0,"parent":0,"menu_order":0,"comment_status":"closed","ping_status":"closed","template":"100-width.php","meta":{"_price":"","_stock":"","_tribe_ticket_header":"","_tribe_default_ticket_provider":"","_ticket_start_date":"","_ticket_end_date":"","_tribe_ticket_show_description":"","_tribe_ticket_show_not_going":false,"_tribe_ticket_use_global_stock":"","_tribe_ticket_global_stock_level":"","_global_stock_mode":"","_global_stock_cap":"","_tribe_rsvp_for_event":"","_tribe_ticket_going_count":"","_tribe_ticket_not_going_count":"","_tribe_tickets_list":"[]","_tribe_ticket_has_attendee_info_fields":false,"footnotes":"","_tec_slr_enabled":"","_tec_slr_layout":""},"class_list":["post-1038","page","type-page","status-publish","hentry"],"yoast_head":"<!-- This site is optimized with the Yoast SEO plugin v26.9 - https:\/\/yoast.com\/product\/yoast-seo-wordpress\/ -->\n<title>plan du site - Concordia University Faculty Association<\/title>\n<meta name=\"robots\" content=\"index, follow, max-snippet:-1, max-image-preview:large, max-video-preview:-1\" \/>\n<link rel=\"canonical\" href=\"https:\/\/cufa.net\/sitemap\/\" \/>\n<meta property=\"og:locale\" content=\"fr_FR\" \/>\n<meta property=\"og:type\" content=\"article\" \/>\n<meta property=\"og:title\" content=\"plan du site - Concordia University Faculty Association\" \/>\n<meta property=\"og:url\" content=\"https:\/\/cufa.net\/sitemap\/\" \/>\n<meta property=\"og:site_name\" content=\"Concordia University Faculty Association\" \/>\n<meta property=\"article:modified_time\" content=\"2025-05-19T15:01:19+00:00\" \/>\n<meta name=\"twitter:card\" content=\"summary_large_image\" \/>\n<script type=\"application\/ld+json\" class=\"yoast-schema-graph\">{\"@context\":\"https:\/\/schema.org\",\"@graph\":[{\"@type\":\"WebPage\",\"@id\":\"https:\/\/cufa.net\/sitemap\/\",\"url\":\"https:\/\/cufa.net\/sitemap\/\",\"name\":\"plan du site - Concordia University Faculty Association\",\"isPartOf\":{\"@id\":\"https:\/\/cufa.net\/#website\"},\"datePublished\":\"2025-04-22T13:21:43+00:00\",\"dateModified\":\"2025-05-19T15:01:19+00:00\",\"breadcrumb\":{\"@id\":\"https:\/\/cufa.net\/sitemap\/#breadcrumb\"},\"inLanguage\":\"fr-FR\",\"potentialAction\":[{\"@type\":\"ReadAction\",\"target\":[\"https:\/\/cufa.net\/sitemap\/\"]}]},{\"@type\":\"BreadcrumbList\",\"@id\":\"https:\/\/cufa.net\/sitemap\/#breadcrumb\",\"itemListElement\":[{\"@type\":\"ListItem\",\"position\":1,\"name\":\"Accueil\",\"item\":\"https:\/\/cufa.net\/fr\/\"},{\"@type\":\"ListItem\",\"position\":2,\"name\":\"plan du site\"}]},{\"@type\":\"WebSite\",\"@id\":\"https:\/\/cufa.net\/#website\",\"url\":\"https:\/\/cufa.net\/\",\"name\":\"Concordia University Faculty Association\",\"description\":\"Your SUPER-powered WP Engine Site\",\"potentialAction\":[{\"@type\":\"SearchAction\",\"target\":{\"@type\":\"EntryPoint\",\"urlTemplate\":\"https:\/\/cufa.net\/?s={search_term_string}\"},\"query-input\":{\"@type\":\"PropertyValueSpecification\",\"valueRequired\":true,\"valueName\":\"search_term_string\"}}],\"inLanguage\":\"fr-FR\"}]}<\/script>\n<!-- \/ Yoast SEO plugin. -->","yoast_head_json":{"title":"plan du site - Concordia University Faculty Association","robots":{"index":"index","follow":"follow","max-snippet":"max-snippet:-1","max-image-preview":"max-image-preview:large","max-video-preview":"max-video-preview:-1"},"canonical":"https:\/\/cufa.net\/sitemap\/","og_locale":"fr_FR","og_type":"article","og_title":"plan du site - Concordia University Faculty Association","og_url":"https:\/\/cufa.net\/sitemap\/","og_site_name":"Concordia University Faculty Association","article_modified_time":"2025-05-19T15:01:19+00:00","twitter_card":"summary_large_image","schema":{"@context":"https:\/\/schema.org","@graph":[{"@type":"WebPage","@id":"https:\/\/cufa.net\/sitemap\/","url":"https:\/\/cufa.net\/sitemap\/","name":"plan du site - Concordia University Faculty Association","isPartOf":{"@id":"https:\/\/cufa.net\/#website"},"datePublished":"2025-04-22T13:21:43+00:00","dateModified":"2025-05-19T15:01:19+00:00","breadcrumb":{"@id":"https:\/\/cufa.net\/sitemap\/#breadcrumb"},"inLanguage":"fr-FR","potentialAction":[{"@type":"ReadAction","target":["https:\/\/cufa.net\/sitemap\/"]}]},{"@type":"BreadcrumbList","@id":"https:\/\/cufa.net\/sitemap\/#breadcrumb","itemListElement":[{"@type":"ListItem","position":1,"name":"Accueil","item":"https:\/\/cufa.net\/fr\/"},{"@type":"ListItem","position":2,"name":"plan du site"}]},{"@type":"WebSite","@id":"https:\/\/cufa.net\/#website","url":"https:\/\/cufa.net\/","name":"Concordia University Faculty Association","description":"Your SUPER-powered WP Engine Site","potentialAction":[{"@type":"SearchAction","target":{"@type":"EntryPoint","urlTemplate":"https:\/\/cufa.net\/?s={search_term_string}"},"query-input":{"@type":"PropertyValueSpecification","valueRequired":true,"valueName":"search_term_string"}}],"inLanguage":"fr-FR"}]}},"ticketed":false,"_links":{"self":[{"href":"https:\/\/cufa.net\/fr\/wp-json\/wp\/v2\/pages\/1038","targetHints":{"allow":["GET"]}}],"collection":[{"href":"https:\/\/cufa.net\/fr\/wp-json\/wp\/v2\/pages"}],"about":[{"href":"https:\/\/cufa.net\/fr\/wp-json\/wp\/v2\/types\/page"}],"author":[{"embeddable":true,"href":"https:\/\/cufa.net\/fr\/wp-json\/wp\/v2\/users\/1"}],"replies":[{"embeddable":true,"href":"https:\/\/cufa.net\/fr\/wp-json\/wp\/v2\/comments?post=1038"}],"version-history":[{"count":0,"href":"https:\/\/cufa.net\/fr\/wp-json\/wp\/v2\/pages\/1038\/revisions"}],"wp:attachment":[{"href":"https:\/\/cufa.net\/fr\/wp-json\/wp\/v2\/media?parent=1038"}],"curies":[{"name":"wp","href":"https:\/\/api.w.org\/{rel}","templated":true}]}}