{"id":1028,"date":"2025-04-22T10:48:22","date_gmt":"2025-04-22T14:48:22","guid":{"rendered":"https:\/\/cufa.net\/?page_id=1028"},"modified":"2025-10-10T07:45:40","modified_gmt":"2025-10-10T11:45:40","slug":"personnel","status":"publish","type":"page","link":"https:\/\/cufa.net\/fr\/a-propos-de-nous\/annuaire-de-lafuc\/personnel\/","title":{"rendered":"L&#8217;\u00e9quipe de soutien de l&#8217;APUC"},"content":{"rendered":"<div class=\"fusion-fullwidth fullwidth-box fusion-builder-row-1 fusion-flex-container has-pattern-background has-mask-background nonhundred-percent-fullwidth non-hundred-percent-height-scrolling\" style=\"--awb-border-radius-top-left:0px;--awb-border-radius-top-right:0px;--awb-border-radius-bottom-right:0px;--awb-border-radius-bottom-left:0px;--awb-padding-top:40px;--awb-padding-bottom:40px;--awb-flex-wrap:wrap;\" ><div class=\"fusion-builder-row fusion-row fusion-flex-align-items-flex-start fusion-flex-content-wrap\" style=\"max-width:1560px;margin-left: calc(-4% \/ 2 );margin-right: calc(-4% \/ 2 );\"><div class=\"fusion-layout-column fusion_builder_column fusion-builder-column-0 fusion_builder_column_1_1 1_1 fusion-flex-column\" style=\"--awb-bg-size:cover;--awb-width-large:100%;--awb-margin-top-large:0px;--awb-spacing-right-large:1.92%;--awb-margin-bottom-large:0px;--awb-spacing-left-large:1.92%;--awb-width-medium:100%;--awb-order-medium:0;--awb-spacing-right-medium:1.92%;--awb-spacing-left-medium:1.92%;--awb-width-small:100%;--awb-order-small:0;--awb-spacing-right-small:1.92%;--awb-spacing-left-small:1.92%;\" data-scroll-devices=\"small-visibility,medium-visibility,large-visibility\"><div class=\"fusion-column-wrapper fusion-column-has-shadow fusion-flex-justify-content-flex-start fusion-content-layout-column\"><div class=\"fusion-title title fusion-title-1 fusion-sep-none fusion-title-text fusion-title-size-one\" style=\"--awb-margin-top-small:10px;--awb-margin-right-small:0px;--awb-margin-bottom-small:10px;--awb-margin-left-small:0px;\"><h1 class=\"fusion-title-heading title-heading-left\" style=\"margin:0;\">L&#8217;\u00e9quipe de soutien de l&#8217;APUC<\/h1><\/div><\/div><\/div><div class=\"fusion-layout-column fusion_builder_column fusion-builder-column-1 fusion_builder_column_2_3 2_3 fusion-flex-column\" style=\"--awb-bg-size:cover;--awb-width-large:66.666666666667%;--awb-margin-top-large:0px;--awb-spacing-right-large:2.88%;--awb-margin-bottom-large:20px;--awb-spacing-left-large:2.88%;--awb-width-medium:66.666666666667%;--awb-order-medium:0;--awb-spacing-right-medium:2.88%;--awb-spacing-left-medium:2.88%;--awb-width-small:100%;--awb-order-small:0;--awb-spacing-right-small:1.92%;--awb-spacing-left-small:1.92%;\"><div class=\"fusion-column-wrapper fusion-column-has-shadow fusion-flex-justify-content-flex-start fusion-content-layout-column\"><div class=\"fusion-text fusion-text-1\"><h3><strong>Genevi\u00e8ve Robichaud<\/strong><\/h3>\n<p>Genevi\u00e8ve Robichaud, avocate de formation, est la conseill\u00e8re juridique et professionnelle de l\u2019Association. Elle a obtenu sa licence en droit en 1990 (UQAM) et a \u00e9t\u00e9 admise au Barreau du Qu\u00e9bec en 1992. Elle a fait un stage \u00e0 la Cour supr\u00eame du Canada (1991-92), suivi de plusieurs ann\u00e9es comme avocate associ\u00e9e dans des cabinets de Montr\u00e9al. Elle travaille \u00e0 l\u2019APUC depuis 1996, ou elle est, notamment, charg\u00e9e de veiller au respect de la convention collective et de r\u00e9pondre aux questions des membres \u00e0 ce sujet. Genevi\u00e8ve conseille l\u2019ex\u00e9cutif et le Conseil de l\u2019APUC sur toutes les questions relatives \u00e0 la convention collective, g\u00e8re les appels et les griefs de l\u2019Association, et fait \u00e9galement partie de l\u2019\u00e9quipe de n\u00e9gociation de l\u2019APUC lors des n\u00e9gociations collectives. Enfin, elle est la liaison de l\u2019APUC avec l\u2019ACPPU et la FQPPU, nos homologues nationaux et provinciaux.<\/p>\n<p><strong>Adresse \u00e9lectronique :<\/strong> <a href=\"mailto:genevieve.robichaud@concordia.ca\">genevieve.robichaud@concordia.ca<\/a><\/p>\n<\/div><div class=\"fusion-text fusion-text-2\"><h3><strong>Chantal Bohbot, Directrice du bureau<\/strong><\/h3>\n<p>Chantal Bohbot, est la directrice du bureau de l\u2019Association. <span data-olk-copy-source=\"MailCompose\">Chantal est titulaire d&#8217;un baccalaur\u00e9at en sciences politiques de l&#8217;UQAM et de certificats en sant\u00e9 et s\u00e9curit\u00e9 (Universit\u00e9 de Montr\u00e9al, 2019), en ressources humaines (UQAM, 2017) et en droit du travail (UQAM, 2016).\u00a0<\/span>Elle travaille \u00e0 L\u2019APUC depuis plus de 20 ans et g\u00e8re toutes les questions administratives du bureau. Chantal est la personne de premi\u00e8re ligne pour l\u2019APUC et le point de d\u00e9part pour toute demande de renseignements que les membres pourraient avoir.<\/p>\n<p><strong>Adresse \u00e9lectronique : <\/strong><a href=\"mailto:C.Bohbot@concordia.ca\">C.Bohbot@concordia.ca<\/a><\/p>\n<\/div><div class=\"fusion-text fusion-text-3\"><h3><strong>L\u00e9a Roboam<\/strong><\/h3>\n<p>L\u00e9a Roboam, est agente \u00e0 la communication et \u00e0 la recherche de l\u2019APUC. Elle a rejoint l\u2019\u00e9quipe au d\u00e9but du mois de septembre 2017. Elle a fait des \u00e9tudes de communication et de journalisme bilingue fran\u00e7ais-anglais \u00e0 la Sorbonne Nouvelle \u2013 Paris 3. Elle a aussi obtenu un DES de l\u2019\u00c9cole de d\u00e9veloppement \u00e9conomique et communautaire de l\u2019Universit\u00e9 Concordia. Apr\u00e8s 20 ans de journalisme, L\u00e9a a chang\u00e9 de carri\u00e8re et a rejoint une organisation communautaire qui aide les enfants et les jeunes \u00e0 atteindre leur plein potentiel par le biais de programmes \u00e9ducatifs. L\u00e9a s\u2019occupe des communications avec et au nom de nos membres, en collaboration avec l\u2019ex\u00e9cutif de l\u2019APUC. De plus, elle effectue des recherches et fournit des donn\u00e9es strat\u00e9giques \u00e0 la conseill\u00e8re juridique et professionnelle ainsi qu\u2019\u00e0 l\u2019\u00e9quipe de n\u00e9gociation.<\/p>\n<p><strong>Adresse \u00e9lectronique : <\/strong><a href=\"mailto:lea.roboam@concordia.ca\">lea.roboam@concordia.ca<\/a><\/p>\n<\/div><\/div><\/div><div class=\"fusion-layout-column fusion_builder_column fusion-builder-column-2 fusion_builder_column_1_3 1_3 fusion-flex-column Quick-link\" style=\"--awb-padding-top:30px;--awb-padding-right:30px;--awb-padding-bottom:60px;--awb-padding-left:30px;--awb-bg-color:#e6e6e6;--awb-bg-color-hover:#e6e6e6;--awb-bg-size:cover;--awb-border-color:#7f1b33;--awb-border-bottom:10px;--awb-border-style:solid;--awb-width-large:33.333333333333%;--awb-margin-top-large:0px;--awb-spacing-right-large:5.76%;--awb-margin-bottom-large:20px;--awb-spacing-left-large:5.76%;--awb-width-medium:33.333333333333%;--awb-order-medium:0;--awb-spacing-right-medium:5.76%;--awb-spacing-left-medium:5.76%;--awb-width-small:100%;--awb-order-small:0;--awb-spacing-right-small:1.92%;--awb-spacing-left-small:1.92%;\" data-scroll-devices=\"small-visibility,medium-visibility,large-visibility\"><div class=\"fusion-column-wrapper fusion-column-has-shadow fusion-flex-justify-content-flex-start fusion-content-layout-column\"><div class=\"fusion-title title fusion-title-2 fusion-sep-none fusion-title-text fusion-title-size-three\" style=\"--awb-margin-top-small:10px;--awb-margin-right-small:0px;--awb-margin-bottom-small:10px;--awb-margin-left-small:0px;\"><h3 class=\"fusion-title-heading title-heading-left\" style=\"margin:0;\"><p style=\"text-align: center;\">Annuaire de AFUC<\/p><\/h3><\/div><div style=\"text-align:center;\"><a class=\"fusion-button button-flat fusion-button-default-size button-default fusion-button-default button-1 fusion-button-default-span fusion-button-default-type\" style=\"--awb-margin-top:20px;\" target=\"_self\" href=\"\/fr\/a-propos-de-nous\/annuaire-de-lafuc\/membres-du-conseil\/\"><span class=\"fusion-button-text awb-button__text awb-button__text--default\">Membres du Conseil<\/span><\/a><\/div><div style=\"text-align:center;\"><a class=\"fusion-button button-flat fusion-button-default-size button-default fusion-button-default button-2 fusion-button-default-span fusion-button-default-type\" style=\"--awb-margin-top:20px;\" target=\"_self\" href=\"\/fr\/a-propos-de-nous\/annuaire-de-lafuc\/comites\/\"><span class=\"fusion-button-text awb-button__text awb-button__text--default\">Comit\u00e9s<\/span><\/a><\/div><div style=\"text-align:center;\"><a class=\"fusion-button button-flat fusion-button-default-size button-default fusion-button-default button-3 fusion-button-default-span fusion-button-default-type\" style=\"--awb-margin-top:20px;\" target=\"_self\" href=\"\/fr\/a-propos-de\/annuaire-de-lafuc\/cadre\/\"><span class=\"fusion-button-text awb-button__text awb-button__text--default\">Cadre<\/span><\/a><\/div><\/div><\/div><\/div><\/div>\n","protected":false},"excerpt":{"rendered":"","protected":false},"author":1,"featured_media":0,"parent":991,"menu_order":0,"comment_status":"closed","ping_status":"closed","template":"100-width.php","meta":{"_price":"","_stock":"","_tribe_ticket_header":"","_tribe_default_ticket_provider":"","_tribe_ticket_capacity":"0","_ticket_start_date":"","_ticket_end_date":"","_tribe_ticket_show_description":"","_tribe_ticket_show_not_going":false,"_tribe_ticket_use_global_stock":"","_tribe_ticket_global_stock_level":"","_global_stock_mode":"","_global_stock_cap":"","_tribe_rsvp_for_event":"","_tribe_ticket_going_count":"","_tribe_ticket_not_going_count":"","_tribe_tickets_list":"[]","_tribe_ticket_has_attendee_info_fields":false,"footnotes":"","_tec_slr_enabled":"","_tec_slr_layout":""},"class_list":["post-1028","page","type-page","status-publish","hentry"],"yoast_head":"<!-- This site is optimized with the Yoast SEO plugin v27.5 - https:\/\/yoast.com\/product\/yoast-seo-wordpress\/ -->\n<title>L&#039;\u00e9quipe de soutien de l&#039;APUC - Concordia University Faculty Association<\/title>\n<meta name=\"robots\" content=\"index, follow, max-snippet:-1, max-image-preview:large, max-video-preview:-1\" \/>\n<link rel=\"canonical\" href=\"https:\/\/cufa.net\/fr\/a-propos-de-nous\/annuaire-de-lafuc\/personnel\/\" \/>\n<meta property=\"og:locale\" content=\"fr_FR\" \/>\n<meta property=\"og:type\" content=\"article\" \/>\n<meta property=\"og:title\" content=\"L&#039;\u00e9quipe de soutien de l&#039;APUC - Concordia University Faculty Association\" \/>\n<meta property=\"og:url\" content=\"https:\/\/cufa.net\/fr\/a-propos-de-nous\/annuaire-de-lafuc\/personnel\/\" \/>\n<meta property=\"og:site_name\" content=\"Concordia University Faculty Association\" \/>\n<meta property=\"article:modified_time\" content=\"2025-10-10T11:45:40+00:00\" \/>\n<meta name=\"twitter:card\" content=\"summary_large_image\" \/>\n<meta name=\"twitter:label1\" content=\"Dur\u00e9e de lecture estim\u00e9e\" \/>\n\t<meta name=\"twitter:data1\" content=\"2 minutes\" \/>\n<script type=\"application\/ld+json\" class=\"yoast-schema-graph\">{\"@context\":\"https:\\\/\\\/schema.org\",\"@graph\":[{\"@type\":\"WebPage\",\"@id\":\"https:\\\/\\\/cufa.net\\\/fr\\\/a-propos-de-nous\\\/annuaire-de-lafuc\\\/personnel\\\/\",\"url\":\"https:\\\/\\\/cufa.net\\\/fr\\\/a-propos-de-nous\\\/annuaire-de-lafuc\\\/personnel\\\/\",\"name\":\"L'\u00e9quipe de soutien de l'APUC - Concordia University Faculty Association\",\"isPartOf\":{\"@id\":\"https:\\\/\\\/cufa.net\\\/#website\"},\"datePublished\":\"2025-04-22T14:48:22+00:00\",\"dateModified\":\"2025-10-10T11:45:40+00:00\",\"breadcrumb\":{\"@id\":\"https:\\\/\\\/cufa.net\\\/fr\\\/a-propos-de-nous\\\/annuaire-de-lafuc\\\/personnel\\\/#breadcrumb\"},\"inLanguage\":\"fr-FR\",\"potentialAction\":[{\"@type\":\"ReadAction\",\"target\":[\"https:\\\/\\\/cufa.net\\\/fr\\\/a-propos-de-nous\\\/annuaire-de-lafuc\\\/personnel\\\/\"]}]},{\"@type\":\"BreadcrumbList\",\"@id\":\"https:\\\/\\\/cufa.net\\\/fr\\\/a-propos-de-nous\\\/annuaire-de-lafuc\\\/personnel\\\/#breadcrumb\",\"itemListElement\":[{\"@type\":\"ListItem\",\"position\":1,\"name\":\"Accueil\",\"item\":\"https:\\\/\\\/cufa.net\\\/fr\\\/\"},{\"@type\":\"ListItem\",\"position\":2,\"name\":\"\u00c0 propos\",\"item\":\"https:\\\/\\\/cufa.net\\\/fr\\\/a-propos-de-nous\\\/\"},{\"@type\":\"ListItem\",\"position\":3,\"name\":\"Ex\u00e9cutif de l\u2019APUC\",\"item\":\"https:\\\/\\\/cufa.net\\\/fr\\\/?page_id=991\"},{\"@type\":\"ListItem\",\"position\":4,\"name\":\"L&#8217;\u00e9quipe de soutien de l&#8217;APUC\"}]},{\"@type\":\"WebSite\",\"@id\":\"https:\\\/\\\/cufa.net\\\/#website\",\"url\":\"https:\\\/\\\/cufa.net\\\/\",\"name\":\"Concordia University Faculty Association\",\"description\":\"Your SUPER-powered WP Engine Site\",\"potentialAction\":[{\"@type\":\"SearchAction\",\"target\":{\"@type\":\"EntryPoint\",\"urlTemplate\":\"https:\\\/\\\/cufa.net\\\/?s={search_term_string}\"},\"query-input\":{\"@type\":\"PropertyValueSpecification\",\"valueRequired\":true,\"valueName\":\"search_term_string\"}}],\"inLanguage\":\"fr-FR\"}]}<\/script>\n<!-- \/ Yoast SEO plugin. -->","yoast_head_json":{"title":"L'\u00e9quipe de soutien de l'APUC - Concordia University Faculty Association","robots":{"index":"index","follow":"follow","max-snippet":"max-snippet:-1","max-image-preview":"max-image-preview:large","max-video-preview":"max-video-preview:-1"},"canonical":"https:\/\/cufa.net\/fr\/a-propos-de-nous\/annuaire-de-lafuc\/personnel\/","og_locale":"fr_FR","og_type":"article","og_title":"L'\u00e9quipe de soutien de l'APUC - Concordia University Faculty Association","og_url":"https:\/\/cufa.net\/fr\/a-propos-de-nous\/annuaire-de-lafuc\/personnel\/","og_site_name":"Concordia University Faculty Association","article_modified_time":"2025-10-10T11:45:40+00:00","twitter_card":"summary_large_image","twitter_misc":{"Dur\u00e9e de lecture estim\u00e9e":"2 minutes"},"schema":{"@context":"https:\/\/schema.org","@graph":[{"@type":"WebPage","@id":"https:\/\/cufa.net\/fr\/a-propos-de-nous\/annuaire-de-lafuc\/personnel\/","url":"https:\/\/cufa.net\/fr\/a-propos-de-nous\/annuaire-de-lafuc\/personnel\/","name":"L'\u00e9quipe de soutien de l'APUC - Concordia University Faculty Association","isPartOf":{"@id":"https:\/\/cufa.net\/#website"},"datePublished":"2025-04-22T14:48:22+00:00","dateModified":"2025-10-10T11:45:40+00:00","breadcrumb":{"@id":"https:\/\/cufa.net\/fr\/a-propos-de-nous\/annuaire-de-lafuc\/personnel\/#breadcrumb"},"inLanguage":"fr-FR","potentialAction":[{"@type":"ReadAction","target":["https:\/\/cufa.net\/fr\/a-propos-de-nous\/annuaire-de-lafuc\/personnel\/"]}]},{"@type":"BreadcrumbList","@id":"https:\/\/cufa.net\/fr\/a-propos-de-nous\/annuaire-de-lafuc\/personnel\/#breadcrumb","itemListElement":[{"@type":"ListItem","position":1,"name":"Accueil","item":"https:\/\/cufa.net\/fr\/"},{"@type":"ListItem","position":2,"name":"\u00c0 propos","item":"https:\/\/cufa.net\/fr\/a-propos-de-nous\/"},{"@type":"ListItem","position":3,"name":"Ex\u00e9cutif de l\u2019APUC","item":"https:\/\/cufa.net\/fr\/?page_id=991"},{"@type":"ListItem","position":4,"name":"L&#8217;\u00e9quipe de soutien de l&#8217;APUC"}]},{"@type":"WebSite","@id":"https:\/\/cufa.net\/#website","url":"https:\/\/cufa.net\/","name":"Concordia University Faculty Association","description":"Your SUPER-powered WP Engine Site","potentialAction":[{"@type":"SearchAction","target":{"@type":"EntryPoint","urlTemplate":"https:\/\/cufa.net\/?s={search_term_string}"},"query-input":{"@type":"PropertyValueSpecification","valueRequired":true,"valueName":"search_term_string"}}],"inLanguage":"fr-FR"}]}},"ticketed":false,"_links":{"self":[{"href":"https:\/\/cufa.net\/fr\/wp-json\/wp\/v2\/pages\/1028","targetHints":{"allow":["GET"]}}],"collection":[{"href":"https:\/\/cufa.net\/fr\/wp-json\/wp\/v2\/pages"}],"about":[{"href":"https:\/\/cufa.net\/fr\/wp-json\/wp\/v2\/types\/page"}],"author":[{"embeddable":true,"href":"https:\/\/cufa.net\/fr\/wp-json\/wp\/v2\/users\/1"}],"replies":[{"embeddable":true,"href":"https:\/\/cufa.net\/fr\/wp-json\/wp\/v2\/comments?post=1028"}],"version-history":[{"count":3,"href":"https:\/\/cufa.net\/fr\/wp-json\/wp\/v2\/pages\/1028\/revisions"}],"predecessor-version":[{"id":1689,"href":"https:\/\/cufa.net\/fr\/wp-json\/wp\/v2\/pages\/1028\/revisions\/1689"}],"up":[{"embeddable":true,"href":"https:\/\/cufa.net\/fr\/wp-json\/wp\/v2\/pages\/991"}],"wp:attachment":[{"href":"https:\/\/cufa.net\/fr\/wp-json\/wp\/v2\/media?parent=1028"}],"curies":[{"name":"wp","href":"https:\/\/api.w.org\/{rel}","templated":true}]}}